{"id":112,"date":"2025-09-14T20:50:36","date_gmt":"2025-09-14T20:50:36","guid":{"rendered":"https:\/\/fsea.fr\/?page_id=112"},"modified":"2025-09-30T14:27:41","modified_gmt":"2025-09-30T14:27:41","slug":"archiglisse","status":"publish","type":"page","link":"https:\/\/fsea.fr\/index.php\/archiglisse\/","title":{"rendered":"archiglisse"},"content":{"rendered":"<div data-colibri-id=\"112-c1\" class=\"style-415 style-local-112-c1 position-relative\">\n  <!---->\n  <div data-colibri-component=\"section\" data-colibri-id=\"112-c2\" id=\"about\" class=\"h-section h-section-global-spacing d-flex align-items-lg-center align-items-md-center align-items-center style-416 style-local-112-c2 position-relative\">\n    <!---->\n    <!---->\n    <div class=\"h-section-grid-container h-section-boxed-container\">\n      <!---->\n      <div data-colibri-id=\"112-c3\" class=\"h-row-container gutters-row-lg-0 gutters-row-md-0 gutters-row-0 gutters-row-v-lg-0 gutters-row-v-md-0 gutters-row-v-0 style-417 style-local-112-c3 position-relative\">\n        <!---->\n        <div class=\"h-row justify-content-lg-center justify-content-md-center justify-content-center align-items-lg-stretch align-items-md-stretch align-items-stretch gutters-col-lg-0 gutters-col-md-0 gutters-col-0 gutters-col-v-lg-0 gutters-col-v-md-0 gutters-col-v-0\">\n          <!---->\n          <div class=\"h-column h-column-container d-flex h-col-lg-auto h-col-md-auto h-col-auto style-418-outer style-local-112-c4-outer\">\n            <div data-colibri-id=\"112-c4\" class=\"d-flex h-flex-basis h-column__inner h-ui-empty-state-container h-px-lg-0 h-px-md-0 h-px-0 v-inner-lg-0 v-inner-md-0 v-inner-0 style-418 style-local-112-c4 position-relative\">\n              <!---->\n              <!---->\n              <div class=\"w-100 h-y-container h-column__content h-column__v-align flex-basis-100\">\n                <!---->\n              <\/div>\n            <\/div>\n          <\/div>\n          <div class=\"h-column h-column-container d-flex h-col-lg-auto h-col-md-auto h-col-auto style-419-outer style-local-112-c5-outer\">\n            <div data-colibri-id=\"112-c5\" class=\"d-flex h-flex-basis h-column__inner h-px-lg-2 h-px-md-2 h-px-2 v-inner-lg-2 v-inner-md-2 v-inner-2 style-419 style-local-112-c5 position-relative\">\n              <!---->\n              <!---->\n              <div class=\"w-100 h-y-container h-column__content h-column__v-align flex-basis-100 align-self-lg-start align-self-md-start align-self-start\">\n                <!---->\n                <div data-colibri-id=\"112-c6\" class=\"h-global-transition-all h-heading style-420 style-local-112-c6 position-relative h-element\">\n                  <!---->\n                  <div class=\"h-heading__outer style-420 style-local-112-c6\">\n                    <!---->\n                    <!---->\n                    <h5 class=\"\">Billetterie Archiglisse 11<\/h5>\n                  <\/div>\n                <\/div>\n                <div data-colibri-id=\"112-c7\" class=\"h-global-transition-all h-heading style-421 style-local-112-c7 position-relative h-element\">\n                  <!---->\n                  <div class=\"h-heading__outer style-421 style-local-112-c7\">\n                    <!---->\n                    <!---->\n                    <h2 class=\"\">C&rsquo;est parti, la billetterie d&rsquo;Archiglisse est officiellement lanc\u00e9e !&nbsp;<\/h2>\n                  <\/div>\n                <\/div>\n                <div data-colibri-id=\"112-c8\" class=\"h-text h-text-component style-422 style-local-112-c8 position-relative h-element\">\n                  <!---->\n                  <!---->\n                  <div class=\"\">\n                    <p>On se retrouve \u00e0 Risoul 1850 du 31 Janvier au 07 F\u00e9vrier pour une semaine de glisse de folie !<\/p>\n                  <\/div>\n                <\/div>\n                <div data-colibri-id=\"112-c9\" class=\"h-x-container style-423 style-local-112-c9 position-relative h-element\">\n                  <!---->\n                  <div class=\"h-x-container-inner style-dynamic-112-c9-group style-423-spacing style-local-112-c9-spacing\"><span class=\"h-button__outer style-424-outer style-local-112-c10-outer d-inline-flex h-element\"><a h-use-smooth-scroll=\"true\" href=\"https:\/\/www.helloasso.com\/associations\/fsea\/adhesions\/archiglisse-11\"  data-colibri-id=\"112-c10\" class=\"d-flex w-100 align-items-center h-button justify-content-lg-center justify-content-md-center justify-content-center style-424 style-local-112-c10 position-relative\"><!----><!----> <span>Je veux participer<\/span><\/a>\n                    <\/span><span class=\"h-button__outer style-425-outer style-local-112-c11-outer d-inline-flex h-element\"><a h-use-smooth-scroll=\"true\" href=\"https:\/\/www.instagram.com\/fsea_archiglisse\/\"  data-colibri-id=\"112-c11\" class=\"d-flex w-100 align-items-center h-button justify-content-lg-center justify-content-md-center justify-content-center style-425 style-local-112-c11 position-relative\"><!----><!----> <span>en savoir +<\/span><\/a>\n                    <\/span>\n                  <\/div>\n                <\/div>\n              <\/div>\n            <\/div>\n          <\/div>\n        <\/div>\n      <\/div>\n    <\/div>\n  <\/div>\n<\/div>","protected":false},"excerpt":{"rendered":"<p>Billetterie Archiglisse 11 C&rsquo;est parti, la billetterie d&rsquo;Archiglisse est officiellement lanc\u00e9e !&nbsp; On se retrouve \u00e0 Risoul 1850 du 31 Janvier au 07 F\u00e9vrier pour une semaine de glisse de folie ! Je veux participer en savoir +<\/p>\n","protected":false},"author":1,"featured_media":0,"parent":0,"menu_order":0,"comment_status":"closed","ping_status":"closed","template":"page-templates\/full-width-page.php","meta":{"saved_in_kubio":false,"footnotes":""},"class_list":["post-112","page","type-page","status-publish","hentry"],"kubio_ai_page_context":{"short_desc":"","purpose":"general"},"_links":{"self":[{"href":"https:\/\/fsea.fr\/index.php\/wp-json\/wp\/v2\/pages\/112","targetHints":{"allow":["GET"]}}],"collection":[{"href":"https:\/\/fsea.fr\/index.php\/wp-json\/wp\/v2\/pages"}],"about":[{"href":"https:\/\/fsea.fr\/index.php\/wp-json\/wp\/v2\/types\/page"}],"author":[{"embeddable":true,"href":"https:\/\/fsea.fr\/index.php\/wp-json\/wp\/v2\/users\/1"}],"replies":[{"embeddable":true,"href":"https:\/\/fsea.fr\/index.php\/wp-json\/wp\/v2\/comments?post=112"}],"version-history":[{"count":6,"href":"https:\/\/fsea.fr\/index.php\/wp-json\/wp\/v2\/pages\/112\/revisions"}],"predecessor-version":[{"id":749,"href":"https:\/\/fsea.fr\/index.php\/wp-json\/wp\/v2\/pages\/112\/revisions\/749"}],"wp:attachment":[{"href":"https:\/\/fsea.fr\/index.php\/wp-json\/wp\/v2\/media?parent=112"}],"curies":[{"name":"wp","href":"https:\/\/api.w.org\/{rel}","templated":true}]}}