{"id":132,"date":"2025-09-14T20:52:25","date_gmt":"2025-09-14T20:52:25","guid":{"rendered":"https:\/\/fsea.fr\/?page_id=132"},"modified":"2025-09-30T15:51:44","modified_gmt":"2025-09-30T15:51:44","slug":"la-fsea-2","status":"publish","type":"page","link":"https:\/\/fsea.fr\/index.php\/la-fsea-2\/","title":{"rendered":"La FSEA"},"content":{"rendered":"\n<h1 class=\"wp-block-heading\">FSEA<\/h1>\n\n\n\n<h2 class=\"wp-block-heading\">La FSEA, c\u2019est quoi ?<\/h2>\n\n\n\n<p>La F\u00e9d\u00e9ration Sportive des \u00c9coles d\u2019Architecture (F.S.E.A) accompagne depuis 2015 les associations sportives des \u00e9coles d\u2019Architecture fran\u00e7aise dans leur d\u00e9veloppement. Elle a pour objectif de promouvoir le sport et la sant\u00e9 dans les \u00e9tudes d\u2019architecture. Elle a pour souhait de constituer et repr\u00e9senter un v\u00e9ritable r\u00e9seau autour de ces th\u00e9matiques. De plus, la FSEA organise, pour l\u2019ensemble de ses \u00e9tudiant.e.s, des \u00e9v\u00e9nements sportifs nationaux dans un esprit de partage et de coh\u00e9sion.<\/p>\n","protected":false},"excerpt":{"rendered":"<p>FSEA La FSEA, c\u2019est quoi ? La F\u00e9d\u00e9ration Sportive des \u00c9coles d\u2019Architecture (F.S.E.A) accompagne depuis 2015 les associations sportives des \u00e9coles d\u2019Architecture fran\u00e7aise dans leur d\u00e9veloppement. Elle a pour objectif de promouvoir le sport et la sant\u00e9 dans les \u00e9tudes d\u2019architecture. Elle a pour souhait de constituer et repr\u00e9senter un v\u00e9ritable r\u00e9seau autour de ces [&hellip;]<\/p>\n","protected":false},"author":1,"featured_media":0,"parent":0,"menu_order":0,"comment_status":"closed","ping_status":"closed","template":"","meta":{"saved_in_kubio":false,"footnotes":""},"class_list":["post-132","page","type-page","status-publish","hentry"],"kubio_ai_page_context":{"short_desc":"","purpose":"general"},"_links":{"self":[{"href":"https:\/\/fsea.fr\/index.php\/wp-json\/wp\/v2\/pages\/132","targetHints":{"allow":["GET"]}}],"collection":[{"href":"https:\/\/fsea.fr\/index.php\/wp-json\/wp\/v2\/pages"}],"about":[{"href":"https:\/\/fsea.fr\/index.php\/wp-json\/wp\/v2\/types\/page"}],"author":[{"embeddable":true,"href":"https:\/\/fsea.fr\/index.php\/wp-json\/wp\/v2\/users\/1"}],"replies":[{"embeddable":true,"href":"https:\/\/fsea.fr\/index.php\/wp-json\/wp\/v2\/comments?post=132"}],"version-history":[{"count":2,"href":"https:\/\/fsea.fr\/index.php\/wp-json\/wp\/v2\/pages\/132\/revisions"}],"predecessor-version":[{"id":843,"href":"https:\/\/fsea.fr\/index.php\/wp-json\/wp\/v2\/pages\/132\/revisions\/843"}],"wp:attachment":[{"href":"https:\/\/fsea.fr\/index.php\/wp-json\/wp\/v2\/media?parent=132"}],"curies":[{"name":"wp","href":"https:\/\/api.w.org\/{rel}","templated":true}]}}