{"id":1349,"date":"2025-11-15T19:00:15","date_gmt":"2025-11-15T19:00:15","guid":{"rendered":"https:\/\/fsea.fr\/?page_id=1349"},"modified":"2026-02-19T14:42:02","modified_gmt":"2026-02-19T14:42:02","slug":"archipiades-11","status":"publish","type":"page","link":"https:\/\/fsea.fr\/index.php\/archipiades-11\/","title":{"rendered":"Archipiades 11"},"content":{"rendered":"<style>.kadence-column1349_3d8a5c-50 > .kt-inside-inner-col{padding-top:var(--global-kb-spacing-3xl, 6.5rem);}.kadence-column1349_3d8a5c-50 > .kt-inside-inner-col,.kadence-column1349_3d8a5c-50 > .kt-inside-inner-col:before{border-top-left-radius:0px;border-top-right-radius:0px;border-bottom-right-radius:0px;border-bottom-left-radius:0px;}.kadence-column1349_3d8a5c-50 > .kt-inside-inner-col{column-gap:var(--global-kb-gap-sm, 1rem);}.kadence-column1349_3d8a5c-50 > .kt-inside-inner-col{flex-direction:column;}.kadence-column1349_3d8a5c-50 > .kt-inside-inner-col > .aligncenter{width:100%;}.kadence-column1349_3d8a5c-50 > .kt-inside-inner-col{background-color:#000000;background-image:url('http:\/\/fsea.fr\/wp-content\/uploads\/2025\/11\/IMG_8598-scaled.jpg');background-size:cover;background-position:60% 53%;background-attachment:scroll;background-repeat:no-repeat;}.kadence-column1349_3d8a5c-50 > .kt-inside-inner-col:before{opacity:0.41;background-color:#000000;}.kadence-column1349_3d8a5c-50{position:relative;}@media all and (max-width: 1024px){.kadence-column1349_3d8a5c-50 > .kt-inside-inner-col{flex-direction:column;justify-content:center;}}@media all and (max-width: 767px){.kadence-column1349_3d8a5c-50 > .kt-inside-inner-col{flex-direction:column;justify-content:center;}}<\/style>\n<div class=\"wp-block-kadence-column kadence-column1349_3d8a5c-50 kb-section-has-overlay alignfull\"><div class=\"kt-inside-inner-col\"><div class=\"wp-block-image\">\n<figure class=\"aligncenter size-medium\"><img loading=\"lazy\" decoding=\"async\" width=\"300\" height=\"177\" src=\"https:\/\/fsea.fr\/wp-content\/uploads\/2025\/11\/Logo_Archipiades_base_num_jaune_AP11-300x177.png\" alt=\"\" class=\"wp-image-1350\" srcset=\"https:\/\/fsea.fr\/wp-content\/uploads\/2025\/11\/Logo_Archipiades_base_num_jaune_AP11-300x177.png 300w, https:\/\/fsea.fr\/wp-content\/uploads\/2025\/11\/Logo_Archipiades_base_num_jaune_AP11-1024x604.png 1024w, https:\/\/fsea.fr\/wp-content\/uploads\/2025\/11\/Logo_Archipiades_base_num_jaune_AP11-768x453.png 768w, https:\/\/fsea.fr\/wp-content\/uploads\/2025\/11\/Logo_Archipiades_base_num_jaune_AP11.png 1418w\" sizes=\"(max-width: 300px) 100vw, 300px\" \/><\/figure>\n<\/div><\/div><\/div>\n\n\n\n<p><a href=\"https:\/\/fsea.fr\/index.php\/archipiades-7\/\"><\/a><\/p>\n\n\n\n\n\n<p class=\"has-text-align-center\" style=\"padding-top:0;padding-right:var(--wp--preset--spacing--80);padding-bottom:0;padding-left:var(--wp--preset--spacing--80);font-style:normal;font-weight:400\">Cette 11e \u00e9dition des Archipiades se d\u00e9roulera \u00e0 Vichy, du 30 avril au 3 mai 2026. Elle r\u00e9unira 23 formations d&rsquo;architecture les 21 \u00e9coles national sup\u00e9rieur d&rsquo;architecture (ENSA), l&rsquo;\u00e9cole sp\u00e9cial d&rsquo;architecture (ESA), la formation architecture de l&rsquo;INSA Strasbourg ainsi que pour la premi\u00e8re fois une formations Belge l\u2019\u00c9cole d\u2019Architecture La Cambre Horta (ULB). <br><br>Cette ann\u00e9e nous retrouverons des sports habituelle comme le football, le Ruby, le handball, le relais ainsi que le cheerleading ainsi que quelque variation avec le Beach Volley et le basket 3&#215;3. Un nouveau sport fait aussi une apparition <strong>la p\u00e9tanque<\/strong>.<\/p>\n\n\n\n<p class=\"has-text-align-center has-medium-font-size\" style=\"padding-top:0;padding-right:var(--wp--preset--spacing--80);padding-bottom:0;padding-left:var(--wp--preset--spacing--80);font-style:normal;font-weight:400\"><br><strong><br>R\u00e8glements des sports : <\/strong><br><\/p>\n\n\n\n<p><\/p>\n\n\n\n\n\n<p><\/p>\n\n\n\n\n\n<p><\/p>\n\n\n\n\n\n<p><\/p>\n\n\n\n\n\n<p><\/p>\n\n\n\n\n\n<p><\/p>\n\n\n\n\n\n<p><\/p>\n\n\n\n\n\n<p><\/p>\n\n\n\n\n\n<p><\/p>\n","protected":false},"excerpt":{"rendered":"<p>Cette 11e \u00e9dition des Archipiades se d\u00e9roulera \u00e0 Vichy, du 30 avril au 3 mai 2026. Elle r\u00e9unira 23 formations d&rsquo;architecture les 21 \u00e9coles national sup\u00e9rieur d&rsquo;architecture (ENSA), l&rsquo;\u00e9cole sp\u00e9cial d&rsquo;architecture (ESA), la formation architecture de l&rsquo;INSA Strasbourg ainsi que pour la premi\u00e8re fois une formations Belge l\u2019\u00c9cole d\u2019Architecture La Cambre Horta (ULB). Cette ann\u00e9e [&hellip;]<\/p>\n","protected":false},"author":1,"featured_media":0,"parent":0,"menu_order":0,"comment_status":"closed","ping_status":"closed","template":"","meta":{"saved_in_kubio":false,"footnotes":""},"class_list":["post-1349","page","type-page","status-publish","hentry"],"kubio_ai_page_context":{"short_desc":"","purpose":"general"},"_links":{"self":[{"href":"https:\/\/fsea.fr\/index.php\/wp-json\/wp\/v2\/pages\/1349","targetHints":{"allow":["GET"]}}],"collection":[{"href":"https:\/\/fsea.fr\/index.php\/wp-json\/wp\/v2\/pages"}],"about":[{"href":"https:\/\/fsea.fr\/index.php\/wp-json\/wp\/v2\/types\/page"}],"author":[{"embeddable":true,"href":"https:\/\/fsea.fr\/index.php\/wp-json\/wp\/v2\/users\/1"}],"replies":[{"embeddable":true,"href":"https:\/\/fsea.fr\/index.php\/wp-json\/wp\/v2\/comments?post=1349"}],"version-history":[{"count":14,"href":"https:\/\/fsea.fr\/index.php\/wp-json\/wp\/v2\/pages\/1349\/revisions"}],"predecessor-version":[{"id":1431,"href":"https:\/\/fsea.fr\/index.php\/wp-json\/wp\/v2\/pages\/1349\/revisions\/1431"}],"wp:attachment":[{"href":"https:\/\/fsea.fr\/index.php\/wp-json\/wp\/v2\/media?parent=1349"}],"curies":[{"name":"wp","href":"https:\/\/api.w.org\/{rel}","templated":true}]}}