{"id":427,"date":"2025-09-30T12:03:56","date_gmt":"2025-09-30T12:03:56","guid":{"rendered":"https:\/\/fsea.fr\/?page_id=427"},"modified":"2025-09-30T12:55:06","modified_gmt":"2025-09-30T12:55:06","slug":"faire-un-don","status":"publish","type":"page","link":"https:\/\/fsea.fr\/index.php\/faire-un-don\/","title":{"rendered":"Faire un don"},"content":{"rendered":"<div data-colibri-id=\"427-c1\" class=\"style-463 style-local-427-c1 position-relative\">\n  <!---->\n  <div data-colibri-component=\"section\" data-colibri-id=\"427-c2\" id=\"content\" class=\"h-section h-section-global-spacing d-flex align-items-lg-center align-items-md-center align-items-center style-474 style-local-427-c2 position-relative\">\n    <!---->\n    <!---->\n    <div class=\"h-section-grid-container h-section-boxed-container\">\n      <!---->\n      <div data-colibri-id=\"427-c3\" class=\"h-row-container gutters-row-lg-2 gutters-row-md-2 gutters-row-2 gutters-row-v-lg-2 gutters-row-v-md-2 gutters-row-v-2 style-475 style-local-427-c3 position-relative\">\n        <!---->\n        <div class=\"h-row justify-content-lg-center justify-content-md-center justify-content-center align-items-lg-stretch align-items-md-stretch align-items-stretch gutters-col-lg-2 gutters-col-md-2 gutters-col-2 gutters-col-v-lg-2 gutters-col-v-md-2 gutters-col-v-2\">\n          <!---->\n          <div class=\"h-column h-column-container d-flex h-col-lg-auto h-col-md-auto h-col-auto style-478-outer style-local-427-c4-outer\">\n            <div data-colibri-id=\"427-c4\" class=\"d-flex h-flex-basis h-column__inner h-px-lg-0 h-px-md-0 h-px-2 v-inner-lg-0 v-inner-md-0 v-inner-2 style-478 style-local-427-c4 position-relative\">\n              <!---->\n              <!---->\n              <div class=\"w-100 h-y-container h-column__content h-column__v-align flex-basis-100 align-self-lg-center align-self-md-center align-self-center\">\n                <!---->\n                <div data-colibri-id=\"427-c5\" class=\"h-global-transition-all h-heading style-479 style-local-427-c5 position-relative h-element\">\n                  <!---->\n                  <div class=\"h-heading__outer style-479 style-local-427-c5\">\n                    <!---->\n                    <!---->\n                    <h2 class=\"\">FAIRE UN DON<\/h2>\n                  <\/div>\n                <\/div>\n                <div data-colibri-id=\"427-c6\" class=\"h-text h-text-component style-480 style-local-427-c6 position-relative h-element\">\n                  <!---->\n                  <!---->\n                  <div class=\"\">\n                    <p>Votre g\u00e9n\u00e9rosit\u00e9 fera notre force !<\/p>\n                    <p>Depuis 2015, la FSEA, \u0153uvre en tant qu\u2019association d\u2019int\u00e9r\u00eat g\u00e9n\u00e9rale \u00e0 but non lucratif, de part notre statut, nos actions et notre affiliation \u00e0 la FFSU. Gr\u00e2ce \u00e0 la g\u00e9n\u00e9rosit\u00e9 de nos donateurs, partenaires et la mobilisation de nos\n                      b\u00e9n\u00e9voles, nous pouvons faire avancer la question de l\u2019importance du sport dans les \u00e9coles d\u2019architecture de France.<\/p>\n                    <p>Parce que nos actions ne sont possibles que gr\u00e2ce \u00e0 la g\u00e9n\u00e9rosit\u00e9 et au soutien des donateurs,&nbsp;<strong>nous avons r\u00e9guli\u00e8rement&nbsp;besoin&nbsp;de dons<\/strong>. Les dons&nbsp;servent \u00e0 financer le bon fonctionnement de la f\u00e9d\u00e9ration.<\/p>\n                    <p>Vous pouvez faire un don et participer au d\u00e9veloppement de la FSEA de plusieurs mani\u00e8res&nbsp;: les dons num\u00e9raires \u00e9videmment, mais \u00e9galement le&nbsp;m\u00e9c\u00e9nat&nbsp;et les&nbsp;dons en nature. Vous avez aussi la possibilit\u00e9 de faire\n                      un don en ligne.<\/p>\n                    <p>Tous les dons sont les bienvenus, peu importe le montant de votre don. De plus, tous les dons ouvrent droit \u00e0&nbsp;une r\u00e9duction fiscale sur l\u2019imp\u00f4t sur le revenu&nbsp;ou&nbsp;une r\u00e9duction sur l\u2019imp\u00f4t sur la fortune immobili\u00e8re&nbsp;si\n                      vous y \u00eates assujettis.&nbsp;<\/p>\n                    <p>\n                      <br>\n                    <\/p>\n                    <h3><strong>Les r\u00e9ductions d\u2019imp\u00f4ts&nbsp;<\/strong><\/h3>\n                    <p>Pour toute personne assujettie \u00e0 l\u2019imp\u00f4t sur le revenu ou toute entreprise assujettie \u00e0 l\u2019imp\u00f4t sur les soci\u00e9t\u00e9s, les dons \u00e0 la FSEA ouvrent droit \u00e0 une&nbsp;<strong>r\u00e9duction d\u2019imp\u00f4t<\/strong>.&nbsp;\n                      <br>Vos dons seront donc d\u00e9ductibles de l\u2019imp\u00f4t sur le revenu \u00e0 hauteur de 75 % dans la limite de 1000 \u20ac&nbsp;(plafond 2024, tous organismes \u00e9ligibles confondus). Au-del\u00e0 de cette somme, vous pourrez d\u00e9duire 66 % de votre don, et reporter\n                      l\u2019exc\u00e8dent sur vos d\u00e9clarations des 5 ann\u00e9es suivantes, pour b\u00e9n\u00e9ficier d\u2019une d\u00e9duction sur la totalit\u00e9 de votre don.<\/p>\n                    <p>Si vous souhaitez soutenir notre Association et faire un don, votre don ne vous co\u00fbtera plus que 25 % de la somme vers\u00e9e initialement (si vous \u00eates imposable).&nbsp;<\/p>\n                    <p>\n                      <br>\n                    <\/p>\n                    <h3><strong>Le pr\u00e9l\u00e8vement \u00e0 la source<\/strong><\/h3>\n                    <p>Le pr\u00e9l\u00e8vement \u00e0 la source ne change rien. Vous continuez \u00e0 b\u00e9n\u00e9ficier de la r\u00e9duction d\u2019imp\u00f4t, bas\u00e9e sur le montant du don de l\u2019ann\u00e9e pr\u00e9c\u00e9dente. Comme avant, les dons r\u00e9alis\u00e9s en ann\u00e9e N ouvrent droit&nbsp;\u00e0 une r\u00e9duction fiscale\n                      en ann\u00e9e N+1.&nbsp;<\/p>\n                    <p>\n                      <br>\n                    <\/p>\n                    <h3><strong>Les b\u00e9n\u00e9fices de vos dons pour l\u2019imp\u00f4t sur la fortune immobili\u00e8re<\/strong><\/h3>\n                    <p>La loi des finances pour 2018 a supprim\u00e9 l\u2019Imp\u00f4t de Solidarit\u00e9 sur la Fortune, mais institu\u00e9 un imp\u00f4t annuel sur les actifs immobiliers non affect\u00e9s \u00e0 l\u2019activit\u00e9 professionnelle de leur propri\u00e9taire d\u00e9sign\u00e9 sous le nom d\u2019Imp\u00f4t sur\n                      la Fortune Immobili\u00e8re.<\/p>\n                    <p>Si vous \u00eates assujetti \u00e0 l\u2019imp\u00f4t sur la fortune immobili\u00e8re, vous pourrez donc d\u00e9duire de cet imp\u00f4t 75 % du montant de votre don en num\u00e9raire ou en titre d\u2019entreprise cot\u00e9e si vous faites un don \u00e0 la FSEA. Cette d\u00e9duction est valable\n                      dans la limite de 50 000 \u20ac par an.&nbsp;<\/p>\n                    <p>\n                      <br>\n                    <\/p>\n                  <\/div>\n                <\/div>\n                <div data-colibri-id=\"427-c7\" class=\"h-x-container style-481 style-local-427-c7 position-relative h-element\">\n                  <!---->\n                  <div class=\"h-x-container-inner style-dynamic-427-c7-group style-481-spacing style-local-427-c7-spacing\"><span class=\"h-button__outer style-482-outer style-local-427-c8-outer d-inline-flex h-element\"><a h-use-smooth-scroll=\"true\" href=\"https:\/\/www.helloasso.com\/associations\/fsea\/formulaires\/2\"  data-colibri-id=\"427-c8\" class=\"d-flex w-100 align-items-center h-button justify-content-lg-center justify-content-md-center justify-content-center style-482 style-local-427-c8 position-relative\"><!----><!----> <span>je souhaite faire un don<\/span><\/a>\n                    <\/span>\n                  <\/div>\n                <\/div>\n              <\/div>\n            <\/div>\n          <\/div>\n        <\/div>\n      <\/div>\n    <\/div>\n  <\/div>\n<\/div>","protected":false},"excerpt":{"rendered":"<p>FAIRE UN DON Votre g\u00e9n\u00e9rosit\u00e9 fera notre force ! Depuis 2015, la FSEA, \u0153uvre en tant qu\u2019association d\u2019int\u00e9r\u00eat g\u00e9n\u00e9rale \u00e0 but non lucratif, de part notre statut, nos actions et notre affiliation \u00e0 la FFSU. Gr\u00e2ce \u00e0 la g\u00e9n\u00e9rosit\u00e9 de nos donateurs, partenaires et la mobilisation de nos b\u00e9n\u00e9voles, nous pouvons faire avancer la question [&hellip;]<\/p>\n","protected":false},"author":1,"featured_media":0,"parent":0,"menu_order":0,"comment_status":"closed","ping_status":"closed","template":"page-templates\/full-width-page.php","meta":{"saved_in_kubio":false,"footnotes":""},"class_list":["post-427","page","type-page","status-publish","hentry"],"kubio_ai_page_context":{"short_desc":"","purpose":"general"},"_links":{"self":[{"href":"https:\/\/fsea.fr\/index.php\/wp-json\/wp\/v2\/pages\/427","targetHints":{"allow":["GET"]}}],"collection":[{"href":"https:\/\/fsea.fr\/index.php\/wp-json\/wp\/v2\/pages"}],"about":[{"href":"https:\/\/fsea.fr\/index.php\/wp-json\/wp\/v2\/types\/page"}],"author":[{"embeddable":true,"href":"https:\/\/fsea.fr\/index.php\/wp-json\/wp\/v2\/users\/1"}],"replies":[{"embeddable":true,"href":"https:\/\/fsea.fr\/index.php\/wp-json\/wp\/v2\/comments?post=427"}],"version-history":[{"count":5,"href":"https:\/\/fsea.fr\/index.php\/wp-json\/wp\/v2\/pages\/427\/revisions"}],"predecessor-version":[{"id":569,"href":"https:\/\/fsea.fr\/index.php\/wp-json\/wp\/v2\/pages\/427\/revisions\/569"}],"wp:attachment":[{"href":"https:\/\/fsea.fr\/index.php\/wp-json\/wp\/v2\/media?parent=427"}],"curies":[{"name":"wp","href":"https:\/\/api.w.org\/{rel}","templated":true}]}}