{"id":668,"date":"2025-09-30T13:39:25","date_gmt":"2025-09-30T13:39:25","guid":{"rendered":"https:\/\/fsea.fr\/?page_id=668"},"modified":"2025-09-30T13:39:25","modified_gmt":"2025-09-30T13:39:25","slug":"archipiades-2","status":"publish","type":"page","link":"https:\/\/fsea.fr\/index.php\/archipiades-2\/","title":{"rendered":"Archipiades 2"},"content":{"rendered":"\n<p>La deuxi\u00e8me \u00e9dition des Archipiades s\u2019est ouverte \u00e0 l\u2019ensemble des \u00e9coles d\u2019architecture fran\u00e7aises et a rassembl\u00e9 600 \u00e9tudiant.e.s au stade de la Halle Carpentier \u00e0 Paris les 25 et 26 mai 2017. Pour sa premi\u00e8re participation, l\u2019\u00e9cole de Montpellier a su faire la diff\u00e9rence et gagne ce tournoi haut la main !<\/p>\n\n\n\n<figure class=\"wp-block-image\"><img decoding=\"async\" src=\"https:\/\/fsea.fr\/wp-content\/uploads\/2020\/03\/Pictos_A2_1-150x150.png\" alt=\"\" class=\"wp-image-500\"\/><\/figure>\n\n\n\n<figure class=\"wp-block-image\"><img decoding=\"async\" src=\"https:\/\/fsea.fr\/wp-content\/uploads\/2020\/03\/Pictos_A2_2-150x150.png\" alt=\"\" class=\"wp-image-501\"\/><\/figure>\n\n\n\n<figure class=\"wp-block-image\"><img decoding=\"async\" src=\"https:\/\/fsea.fr\/wp-content\/uploads\/2020\/03\/Pictos_A2_3-150x150.png\" alt=\"\" class=\"wp-image-502\"\/><\/figure>\n\n\n\n<figure class=\"wp-block-image\"><img decoding=\"async\" src=\"https:\/\/fsea.fr\/wp-content\/uploads\/2020\/03\/Pictos_A2_4-150x150.png\" alt=\"\" class=\"wp-image-503\"\/><\/figure>\n\n\n\n<figure class=\"wp-block-image\"><img decoding=\"async\" src=\"https:\/\/fsea.fr\/wp-content\/uploads\/2020\/03\/18156596_634497326745012_7943086586267385577_o-1-1024x603.jpg\" alt=\"\" class=\"wp-image-515\"\/><\/figure>\n\n\n\n<figure class=\"wp-block-embed is-type-video is-provider-youtube wp-block-embed-youtube wp-embed-aspect-16-9 wp-has-aspect-ratio\"><div class=\"wp-block-embed__wrapper\">\n<iframe loading=\"lazy\" title=\"RECAP - Archipiades 2 (2017)\" width=\"500\" height=\"281\" src=\"https:\/\/www.youtube.com\/embed\/SJRVaS_v47A?feature=oembed\" frameborder=\"0\" allow=\"accelerometer; autoplay; clipboard-write; encrypted-media; gyroscope; picture-in-picture; web-share\" referrerpolicy=\"strict-origin-when-cross-origin\" allowfullscreen><\/iframe>\n<\/div><\/figure>\n\n\n\n<h2 class=\"wp-block-heading\">R\u00e9sultats<\/h2>\n\n\n\n<figure class=\"wp-block-table\"><table class=\"has-fixed-layout\"><tbody><tr><td><strong>Classement<\/strong><\/td><td><strong>Ecole<\/strong><\/td><td><strong>Points<\/strong><\/td><\/tr><tr><td>1<\/td><td>Montpellier<\/td><td>121<\/td><\/tr><tr><td>2<\/td><td>Paris Val-de-Seine<\/td><td>110<\/td><\/tr><tr><td>3<\/td><td>Marne-la-vall\u00e9e<\/td><td>105<\/td><\/tr><tr><td>4<\/td><td>Paris Belleville<\/td><td>100<\/td><\/tr><tr><td>5<\/td><td>Versailles<\/td><td>95<\/td><\/tr><tr><td>6<\/td><td>Normandie<\/td><td>89<\/td><\/tr><tr><td>7<\/td><td>Paris La Villette<\/td><td>86<\/td><\/tr><tr><td>8<\/td><td>Bordeaux<\/td><td>62<\/td><\/tr><tr><td>9<\/td><td>Grenoble<\/td><td>57<\/td><\/tr><tr><td>10<\/td><td>Bretagne<\/td><td>50<\/td><\/tr><tr><td>11<\/td><td>Clermont-Ferrand<\/td><td>40<\/td><\/tr><tr><td>12<\/td><td>Strasbourg<\/td><td>37<\/td><\/tr><tr><td>13<\/td><td>Paris ESA<\/td><td>35<\/td><\/tr><tr><td>14<\/td><td>Paris Malaquais<\/td><td>34<\/td><\/tr><tr><td>15<\/td><td>Nancy<\/td><td>25<\/td><\/tr><\/tbody><\/table><\/figure>\n","protected":false},"excerpt":{"rendered":"<p>La deuxi\u00e8me \u00e9dition des Archipiades s\u2019est ouverte \u00e0 l\u2019ensemble des \u00e9coles d\u2019architecture fran\u00e7aises et a rassembl\u00e9 600 \u00e9tudiant.e.s au stade de la Halle Carpentier \u00e0 Paris les 25 et 26 mai 2017. Pour sa premi\u00e8re participation, l\u2019\u00e9cole de Montpellier a su faire la diff\u00e9rence et gagne ce tournoi haut la main ! R\u00e9sultats Classement Ecole [&hellip;]<\/p>\n","protected":false},"author":1,"featured_media":0,"parent":0,"menu_order":0,"comment_status":"closed","ping_status":"closed","template":"","meta":{"saved_in_kubio":false,"footnotes":""},"class_list":["post-668","page","type-page","status-publish","hentry"],"kubio_ai_page_context":{"short_desc":"","purpose":"general"},"_links":{"self":[{"href":"https:\/\/fsea.fr\/index.php\/wp-json\/wp\/v2\/pages\/668","targetHints":{"allow":["GET"]}}],"collection":[{"href":"https:\/\/fsea.fr\/index.php\/wp-json\/wp\/v2\/pages"}],"about":[{"href":"https:\/\/fsea.fr\/index.php\/wp-json\/wp\/v2\/types\/page"}],"author":[{"embeddable":true,"href":"https:\/\/fsea.fr\/index.php\/wp-json\/wp\/v2\/users\/1"}],"replies":[{"embeddable":true,"href":"https:\/\/fsea.fr\/index.php\/wp-json\/wp\/v2\/comments?post=668"}],"version-history":[{"count":1,"href":"https:\/\/fsea.fr\/index.php\/wp-json\/wp\/v2\/pages\/668\/revisions"}],"predecessor-version":[{"id":670,"href":"https:\/\/fsea.fr\/index.php\/wp-json\/wp\/v2\/pages\/668\/revisions\/670"}],"wp:attachment":[{"href":"https:\/\/fsea.fr\/index.php\/wp-json\/wp\/v2\/media?parent=668"}],"curies":[{"name":"wp","href":"https:\/\/api.w.org\/{rel}","templated":true}]}}