{"id":671,"date":"2025-09-30T13:43:35","date_gmt":"2025-09-30T13:43:35","guid":{"rendered":"https:\/\/fsea.fr\/?page_id=671"},"modified":"2025-09-30T13:43:35","modified_gmt":"2025-09-30T13:43:35","slug":"archipiades-3","status":"publish","type":"page","link":"https:\/\/fsea.fr\/index.php\/archipiades-3\/","title":{"rendered":"Archipiades 3"},"content":{"rendered":"\n<p>La troisi\u00e8me \u00e9dition des Archipiades, s\u2019est d\u00e9roul\u00e9e au parc des sports de La Courneuve et a rassembl\u00e9 900 \u00e9tudiant.e.s, provenant de 18 \u00e9coles fran\u00e7aises les 27 et 28 avril 2018. La comp\u00e9tition fut acharn\u00e9e mais c\u2019est encore une fois l\u2019\u00e9cole de Montpellier qui rentrera avec le troph\u00e9e !<\/p>\n\n\n\n<figure class=\"wp-block-image\"><img decoding=\"async\" src=\"https:\/\/fsea.fr\/wp-content\/uploads\/2020\/03\/Pictos_A3_1-150x150.png\" alt=\"\" class=\"wp-image-493\"\/><\/figure>\n\n\n\n<figure class=\"wp-block-image\"><img decoding=\"async\" src=\"https:\/\/fsea.fr\/wp-content\/uploads\/2020\/03\/Pictos_A3_2-150x150.png\" alt=\"\" class=\"wp-image-494\"\/><\/figure>\n\n\n\n<figure class=\"wp-block-image\"><img decoding=\"async\" src=\"https:\/\/fsea.fr\/wp-content\/uploads\/2020\/03\/Pictos_A3_3-150x150.png\" alt=\"\" class=\"wp-image-495\"\/><\/figure>\n\n\n\n<figure class=\"wp-block-image\"><img decoding=\"async\" src=\"https:\/\/fsea.fr\/wp-content\/uploads\/2020\/03\/Pictos_A3_4-150x150.png\" alt=\"\" class=\"wp-image-496\"\/><\/figure>\n\n\n\n<figure class=\"wp-block-image\"><img decoding=\"async\" src=\"https:\/\/fsea.fr\/wp-content\/uploads\/2020\/03\/0-affiche-horizontale-finale-1024x602.jpg\" alt=\"\" class=\"wp-image-497\"\/><\/figure>\n\n\n\n<figure class=\"wp-block-embed is-type-video is-provider-youtube wp-block-embed-youtube wp-embed-aspect-16-9 wp-has-aspect-ratio\"><div class=\"wp-block-embed__wrapper\">\n<iframe loading=\"lazy\" title=\"TEASER - Archipiades 4 (2019)\" width=\"500\" height=\"281\" src=\"https:\/\/www.youtube.com\/embed\/FU5e81mzIBU?feature=oembed\" frameborder=\"0\" allow=\"accelerometer; autoplay; clipboard-write; encrypted-media; gyroscope; picture-in-picture; web-share\" referrerpolicy=\"strict-origin-when-cross-origin\" allowfullscreen><\/iframe>\n<\/div><\/figure>\n\n\n\n<h2 class=\"wp-block-heading\">R\u00e9sultats<\/h2>\n\n\n\n<figure class=\"wp-block-table\"><table class=\"has-fixed-layout\"><tbody><tr><td><strong>Classement<\/strong><\/td><td><strong>Ecole<\/strong><\/td><td><strong>Points<\/strong><\/td><\/tr><tr><td>1<\/td><td>Montpellier<\/td><td>80<\/td><\/tr><tr><td>2<\/td><td>Versailles<\/td><td>72<\/td><\/tr><tr><td>3<\/td><td>Bordeaux<\/td><td>70<\/td><\/tr><tr><td>4<\/td><td>Marne-la-vall\u00e9e<\/td><td>64<\/td><\/tr><tr><td>5<\/td><td>Normandie<\/td><td>60<\/td><\/tr><tr><td>6<\/td><td>Paris Val-de-Seine<\/td><td>60<\/td><\/tr><tr><td>7<\/td><td>Bretagne<\/td><td>57<\/td><\/tr><tr><td>8<\/td><td>Grenoble<\/td><td>53<\/td><\/tr><tr><td>9<\/td><td>Marseille<\/td><td>43<\/td><\/tr><tr><td>10<\/td><td>Paris La Villette<\/td><td>35<\/td><\/tr><tr><td>11<\/td><td>Lille<\/td><td>29<\/td><\/tr><tr><td>12<\/td><td>Paris Belleville<\/td><td>25<\/td><\/tr><tr><td>13<\/td><td>Clermont-Ferrand<\/td><td>23<\/td><\/tr><tr><td>14<\/td><td>Paris ESA<\/td><td>22<\/td><\/tr><tr><td>15<\/td><td>Saint-Etienne<\/td><td>17<\/td><\/tr><tr><td>16<\/td><td>Nantes<\/td><td>10<\/td><\/tr><tr><td>17<\/td><td>Toulouse<\/td><td>4<\/td><\/tr><tr><td>18<\/td><td>Paris Malaquais<\/td><td>2<\/td><\/tr><\/tbody><\/table><\/figure>\n","protected":false},"excerpt":{"rendered":"<p>La troisi\u00e8me \u00e9dition des Archipiades, s\u2019est d\u00e9roul\u00e9e au parc des sports de La Courneuve et a rassembl\u00e9 900 \u00e9tudiant.e.s, provenant de 18 \u00e9coles fran\u00e7aises les 27 et 28 avril 2018. La comp\u00e9tition fut acharn\u00e9e mais c\u2019est encore une fois l\u2019\u00e9cole de Montpellier qui rentrera avec le troph\u00e9e ! R\u00e9sultats Classement Ecole Points 1 Montpellier 80 [&hellip;]<\/p>\n","protected":false},"author":1,"featured_media":0,"parent":0,"menu_order":0,"comment_status":"closed","ping_status":"closed","template":"","meta":{"saved_in_kubio":false,"footnotes":""},"class_list":["post-671","page","type-page","status-publish","hentry"],"kubio_ai_page_context":{"short_desc":"","purpose":"general"},"_links":{"self":[{"href":"https:\/\/fsea.fr\/index.php\/wp-json\/wp\/v2\/pages\/671","targetHints":{"allow":["GET"]}}],"collection":[{"href":"https:\/\/fsea.fr\/index.php\/wp-json\/wp\/v2\/pages"}],"about":[{"href":"https:\/\/fsea.fr\/index.php\/wp-json\/wp\/v2\/types\/page"}],"author":[{"embeddable":true,"href":"https:\/\/fsea.fr\/index.php\/wp-json\/wp\/v2\/users\/1"}],"replies":[{"embeddable":true,"href":"https:\/\/fsea.fr\/index.php\/wp-json\/wp\/v2\/comments?post=671"}],"version-history":[{"count":1,"href":"https:\/\/fsea.fr\/index.php\/wp-json\/wp\/v2\/pages\/671\/revisions"}],"predecessor-version":[{"id":673,"href":"https:\/\/fsea.fr\/index.php\/wp-json\/wp\/v2\/pages\/671\/revisions\/673"}],"wp:attachment":[{"href":"https:\/\/fsea.fr\/index.php\/wp-json\/wp\/v2\/media?parent=671"}],"curies":[{"name":"wp","href":"https:\/\/api.w.org\/{rel}","templated":true}]}}