{"id":676,"date":"2025-09-30T13:46:51","date_gmt":"2025-09-30T13:46:51","guid":{"rendered":"https:\/\/fsea.fr\/?page_id=676"},"modified":"2025-09-30T13:46:51","modified_gmt":"2025-09-30T13:46:51","slug":"archipiades-5","status":"publish","type":"page","link":"https:\/\/fsea.fr\/index.php\/archipiades-5\/","title":{"rendered":"Archipiades 5"},"content":{"rendered":"\n<p>La cinqui\u00e8me \u00e9dition des Archipiades qui devait se d\u00e9rouler pour une deuxi\u00e8me \u00e9dition cons\u00e9cutive au Kipstadium de Tourcoing les 1 et 2 mai 2020, n\u2019a pas eu lieu. Elle a malheureusement d\u00fb \u00eatre annul\u00e9e pour respecter les r\u00e8gles de confinement suite \u00e0 l\u2019arriv\u00e9e de la pand\u00e9mie du coronavirus Covid-19. L\u2019\u00e9quipe de la FSEA ne s\u2019est pas avou\u00e9e vaincue pour autant et a d\u00e9cid\u00e9 d\u2019organiser des Archipiades en ligne ! Chaque semaine pendant un mois, deux \u00e0 trois d\u00e9fis (libres ou en lien avec un sport pr\u00e9sent aux Archipiades) \u00e9taient lanc\u00e9s sur les r\u00e9seaux sociaux. Chaque \u00e9cole devait y r\u00e9pondre avec le plus de participations possibles, combinant talent et originalit\u00e9.<\/p>\n\n\n\n<figure class=\"wp-block-image\"><img decoding=\"async\" src=\"https:\/\/fsea.fr\/wp-content\/uploads\/2020\/03\/Pictos_A5_1-1-150x150.png\" alt=\"\" class=\"wp-image-569\"\/><\/figure>\n\n\n\n<figure class=\"wp-block-image\"><img decoding=\"async\" src=\"https:\/\/fsea.fr\/wp-content\/uploads\/2020\/05\/Pictos_A5_2-150x150.png\" alt=\"\" class=\"wp-image-669\"\/><\/figure>\n\n\n\n<figure class=\"wp-block-image\"><img decoding=\"async\" src=\"https:\/\/fsea.fr\/wp-content\/uploads\/2020\/05\/Pictos_A5_3-150x150.png\" alt=\"\" class=\"wp-image-670\"\/><\/figure>\n\n\n\n<figure class=\"wp-block-image\"><img decoding=\"async\" src=\"https:\/\/fsea.fr\/wp-content\/uploads\/2020\/05\/Pictos_A5_4-1-150x150.png\" alt=\"\" class=\"wp-image-688\"\/><\/figure>\n\n\n\n<figure class=\"wp-block-image\"><img decoding=\"async\" src=\"https:\/\/fsea.fr\/wp-content\/uploads\/2020\/03\/87023354_1299917426869662_8352619043097673728_o-1024x779.jpg\" alt=\"\" class=\"wp-image-487\"\/><\/figure>\n\n\n\n<figure class=\"wp-block-image\"><img decoding=\"async\" src=\"https:\/\/fsea.fr\/wp-content\/uploads\/2020\/03\/Information-Covid-19-v11-2-1024x1024.png\" alt=\"\" class=\"wp-image-541\"\/><\/figure>\n\n\n\n<figure class=\"wp-block-embed is-type-video is-provider-youtube wp-block-embed-youtube wp-embed-aspect-16-9 wp-has-aspect-ratio\"><div class=\"wp-block-embed__wrapper\">\n<iframe loading=\"lazy\" title=\"TEASER - Archipiades 5 (2020)\" width=\"500\" height=\"281\" src=\"https:\/\/www.youtube.com\/embed\/FIxWAnr4g9A?feature=oembed\" frameborder=\"0\" allow=\"accelerometer; autoplay; clipboard-write; encrypted-media; gyroscope; picture-in-picture; web-share\" referrerpolicy=\"strict-origin-when-cross-origin\" allowfullscreen><\/iframe>\n<\/div><\/figure>\n\n\n\n<h2 class=\"wp-block-heading\">R\u00e9sultats<\/h2>\n\n\n\n<figure class=\"wp-block-table\"><table class=\"has-fixed-layout\"><tbody><tr><td><strong>Classement<\/strong><\/td><td><strong>Ecole<\/strong><\/td><td><strong>Points<\/strong><\/td><\/tr><tr><td>1<\/td><td>Marseille<\/td><td>584<\/td><\/tr><tr><td>2<\/td><td>Strasbourg<\/td><td>325<\/td><\/tr><tr><td>3<\/td><td>Belleville<\/td><td>225<\/td><\/tr><tr><td>4<\/td><td>Lille<\/td><td>153<\/td><\/tr><tr><td>5<\/td><td>Normandie<\/td><td>106<\/td><\/tr><tr><td>6<\/td><td>Marne-la-Vall\u00e9e<\/td><td>96<\/td><\/tr><tr><td>7<\/td><td>Paris La Villette<\/td><td>66<\/td><\/tr><tr><td>7<\/td><td>Paris Malaquais<\/td><td>66<\/td><\/tr><tr><td>9<\/td><td>Bordeaux<\/td><td>47<\/td><\/tr><tr><td>10<\/td><td>Saint-Etienne<\/td><td>26<\/td><\/tr><tr><td>11<\/td><td>Bretagne<\/td><td>12<\/td><\/tr><tr><td>12<\/td><td>Toulouse<\/td><td>4<\/td><\/tr><tr><td>13<\/td><td>Montpellier<\/td><td>3<\/td><\/tr><tr><td>14<\/td><td>Lyon<\/td><td>2<\/td><\/tr><tr><td>15<\/td><td>Clermont-Ferrand<\/td><td>1<\/td><\/tr><\/tbody><\/table><\/figure>\n","protected":false},"excerpt":{"rendered":"<p>La cinqui\u00e8me \u00e9dition des Archipiades qui devait se d\u00e9rouler pour une deuxi\u00e8me \u00e9dition cons\u00e9cutive au Kipstadium de Tourcoing les 1 et 2 mai 2020, n\u2019a pas eu lieu. Elle a malheureusement d\u00fb \u00eatre annul\u00e9e pour respecter les r\u00e8gles de confinement suite \u00e0 l\u2019arriv\u00e9e de la pand\u00e9mie du coronavirus Covid-19. L\u2019\u00e9quipe de la FSEA ne s\u2019est [&hellip;]<\/p>\n","protected":false},"author":1,"featured_media":0,"parent":0,"menu_order":0,"comment_status":"closed","ping_status":"closed","template":"","meta":{"saved_in_kubio":false,"footnotes":""},"class_list":["post-676","page","type-page","status-publish","hentry"],"kubio_ai_page_context":{"short_desc":"","purpose":"general"},"_links":{"self":[{"href":"https:\/\/fsea.fr\/index.php\/wp-json\/wp\/v2\/pages\/676","targetHints":{"allow":["GET"]}}],"collection":[{"href":"https:\/\/fsea.fr\/index.php\/wp-json\/wp\/v2\/pages"}],"about":[{"href":"https:\/\/fsea.fr\/index.php\/wp-json\/wp\/v2\/types\/page"}],"author":[{"embeddable":true,"href":"https:\/\/fsea.fr\/index.php\/wp-json\/wp\/v2\/users\/1"}],"replies":[{"embeddable":true,"href":"https:\/\/fsea.fr\/index.php\/wp-json\/wp\/v2\/comments?post=676"}],"version-history":[{"count":1,"href":"https:\/\/fsea.fr\/index.php\/wp-json\/wp\/v2\/pages\/676\/revisions"}],"predecessor-version":[{"id":678,"href":"https:\/\/fsea.fr\/index.php\/wp-json\/wp\/v2\/pages\/676\/revisions\/678"}],"wp:attachment":[{"href":"https:\/\/fsea.fr\/index.php\/wp-json\/wp\/v2\/media?parent=676"}],"curies":[{"name":"wp","href":"https:\/\/api.w.org\/{rel}","templated":true}]}}