{"id":679,"date":"2025-09-30T13:47:10","date_gmt":"2025-09-30T13:47:10","guid":{"rendered":"https:\/\/fsea.fr\/?page_id=679"},"modified":"2025-09-30T13:47:10","modified_gmt":"2025-09-30T13:47:10","slug":"archipiades-6","status":"publish","type":"page","link":"https:\/\/fsea.fr\/index.php\/archipiades-6\/","title":{"rendered":"Archipiades 6"},"content":{"rendered":"\n<p>Malheureusement, La Covid 19 aura eu raison des Archipiades\u2026 Apr\u00e8s beaucoup de sp\u00e9culations, la FSEA a d\u00e9cid\u00e9 de ne pas maintenir l\u2019\u00e9v\u00e9nement suite aux al\u00e9as de l\u2019\u00e9pid\u00e9mie sanitaire\u2026<\/p>\n\n\n\n<figure class=\"wp-block-image\"><img decoding=\"async\" src=\"https:\/\/fsea.fr\/wp-content\/uploads\/2022\/12\/Information-Covid-19-AP6-1-1024x1024.jpg\" alt=\"\" class=\"wp-image-983\"\/><figcaption class=\"wp-element-caption\">ARCHIPIADES 6 \u2013 ANNUL\u00c9E<\/figcaption><\/figure>\n","protected":false},"excerpt":{"rendered":"<p>Malheureusement, La Covid 19 aura eu raison des Archipiades\u2026 Apr\u00e8s beaucoup de sp\u00e9culations, la FSEA a d\u00e9cid\u00e9 de ne pas maintenir l\u2019\u00e9v\u00e9nement suite aux al\u00e9as de l\u2019\u00e9pid\u00e9mie sanitaire\u2026<\/p>\n","protected":false},"author":1,"featured_media":0,"parent":0,"menu_order":0,"comment_status":"closed","ping_status":"closed","template":"","meta":{"saved_in_kubio":false,"footnotes":""},"class_list":["post-679","page","type-page","status-publish","hentry"],"kubio_ai_page_context":{"short_desc":"","purpose":"general"},"_links":{"self":[{"href":"https:\/\/fsea.fr\/index.php\/wp-json\/wp\/v2\/pages\/679","targetHints":{"allow":["GET"]}}],"collection":[{"href":"https:\/\/fsea.fr\/index.php\/wp-json\/wp\/v2\/pages"}],"about":[{"href":"https:\/\/fsea.fr\/index.php\/wp-json\/wp\/v2\/types\/page"}],"author":[{"embeddable":true,"href":"https:\/\/fsea.fr\/index.php\/wp-json\/wp\/v2\/users\/1"}],"replies":[{"embeddable":true,"href":"https:\/\/fsea.fr\/index.php\/wp-json\/wp\/v2\/comments?post=679"}],"version-history":[{"count":1,"href":"https:\/\/fsea.fr\/index.php\/wp-json\/wp\/v2\/pages\/679\/revisions"}],"predecessor-version":[{"id":680,"href":"https:\/\/fsea.fr\/index.php\/wp-json\/wp\/v2\/pages\/679\/revisions\/680"}],"wp:attachment":[{"href":"https:\/\/fsea.fr\/index.php\/wp-json\/wp\/v2\/media?parent=679"}],"curies":[{"name":"wp","href":"https:\/\/api.w.org\/{rel}","templated":true}]}}