{"id":684,"date":"2025-09-30T13:59:26","date_gmt":"2025-09-30T13:59:26","guid":{"rendered":"https:\/\/fsea.fr\/?page_id=684"},"modified":"2025-09-30T13:59:26","modified_gmt":"2025-09-30T13:59:26","slug":"archipiades-8","status":"publish","type":"page","link":"https:\/\/fsea.fr\/index.php\/archipiades-8\/","title":{"rendered":"Archipiades 8"},"content":{"rendered":"\n<p><strong>Nos ambitions ?<\/strong><\/p>\n\n\n\n<figure class=\"wp-block-image\"><img decoding=\"async\" src=\"https:\/\/fsea.fr\/wp-content\/uploads\/2023\/02\/ambitions-archipiades-1024x228.png\" alt=\"\" class=\"wp-image-1126\"\/><\/figure>\n\n\n\n<p>La 8\u00e8me \u00e9dition d\u2019Archipiades a pris place dans une association qui a su adapter sa structure \u00e0 la nouvelle ampleur de l\u2019\u00e9v\u00e9nement. Pour 2023, l\u2019\u00e9v\u00e9nement s\u2019est d\u00e9roul\u00e9 du 27 au 30 avril. Accueilli par la ville de Blois, c\u2019est dans deux de leurs structures que se sont d\u00e9roul\u00e9es les comp\u00e9titions.<\/p>\n\n\n\n<figure class=\"wp-block-image\"><img decoding=\"async\" src=\"https:\/\/fsea.fr\/wp-content\/uploads\/2023\/02\/Affiche-archipiades-2023-724x1024.jpg\" alt=\"\" class=\"wp-image-1105\"\/><\/figure>\n\n\n\n<p>C\u2019est autour de nos 7 sports : football, rugby, basketball, volley-ball, handball, relais et cheerleading, que se sont affront\u00e9s les 21 \u00e9coles.<\/p>\n\n\n\n<p>Cette \u00e9dition fut l\u2019occasion de mettre en valeur nos partenaires via le village des partenaires lors de l\u2019\u00e9v\u00e9nement, mais \u00e9galement des associations et acteurs locaux d\u00e9fendant des causes li\u00e9es \u00e0 nos valeurs, comme le d\u00e9veloppement durable. L\u2019\u00e9v\u00e9nement est le fruit d\u2019une r\u00e9elle conscience environnementale qui nous a permis d\u2019obtenir le label \u00ab d\u00e9veloppement durable, le sport s\u2019engage \u00bb, d\u00e9livr\u00e9 par le CNOSF. Pour cela nos actions se sont accompagn\u00e9s d\u2019engagements : aller \u00e0 la rencontre et promouvoir les acteurs locaux, prot\u00e9ger le site qui nous accueille, limiter et trier nos d\u00e9chets, accorder une attention particuli\u00e8re au bien \u00eatre et \u00e0 la sant\u00e9 de nos sportifs, proposer une mixit\u00e9 de nos \u00e9v\u00e8nements, etc.<\/p>\n\n\n\n<figure class=\"wp-block-embed is-type-video is-provider-youtube wp-block-embed-youtube wp-embed-aspect-16-9 wp-has-aspect-ratio\"><div class=\"wp-block-embed__wrapper\">\n<iframe loading=\"lazy\" title=\"Aftermovie - Archipiades 8\" width=\"500\" height=\"281\" src=\"https:\/\/www.youtube.com\/embed\/FTKeC3WVw3A?feature=oembed\" frameborder=\"0\" allow=\"accelerometer; autoplay; clipboard-write; encrypted-media; gyroscope; picture-in-picture; web-share\" referrerpolicy=\"strict-origin-when-cross-origin\" allowfullscreen><\/iframe>\n<\/div><\/figure>\n\n\n\n<h2 class=\"wp-block-heading\">R\u00e9sultats : Paris-Est a sa revanche<\/h2>\n\n\n\n<figure class=\"wp-block-table\"><table class=\"has-fixed-layout\"><tbody><tr><td><strong>Classement<\/strong><\/td><td><strong>Ecole<\/strong><\/td><td><strong>Points<\/strong><\/td><\/tr><tr><td>1<\/td><td>Paris-Est<\/td><td>414<\/td><\/tr><tr><td>2<\/td><td>Paris La Villette<\/td><td>294<\/td><\/tr><tr><td>3<\/td><td>Grenoble<\/td><td>291<\/td><\/tr><tr><td>4<\/td><td>Versailles<\/td><td>272<\/td><\/tr><tr><td>5<\/td><td>Bordeaux<\/td><td>267<\/td><\/tr><tr><td>6<\/td><td>Nantes<\/td><td>233<\/td><\/tr><tr><td>7<\/td><td>Bretagne<\/td><td>201<\/td><\/tr><tr><td>7<\/td><td>Strasbourg<\/td><td>193<\/td><\/tr><tr><td>9<\/td><td>Lyon<\/td><td>192<\/td><\/tr><tr><td>10<\/td><td>Nancy<\/td><td>190<\/td><\/tr><tr><td>11<\/td><td>ESA<\/td><td>185<\/td><\/tr><tr><td>12<\/td><td>Clermont<\/td><td>184<\/td><\/tr><tr><td>13<\/td><td>Toulouse<\/td><td>167<\/td><\/tr><tr><td>14<\/td><td>Val-de-Seine<\/td><td>145<\/td><\/tr><tr><td>15<\/td><td>Malaquais<\/td><td>142<\/td><\/tr><tr><td>16<\/td><td>Lille<\/td><td>123<\/td><\/tr><tr><td>17<\/td><td>Saint-Etienne<\/td><td>122<\/td><\/tr><tr><td>18<\/td><td>Marseille<\/td><td>112<\/td><\/tr><tr><td>19<\/td><td>Montpellier<\/td><td>85<\/td><\/tr><tr><td>20<\/td><td>Normandie<\/td><td>82<\/td><\/tr><tr><td>21<\/td><td>Belleville<\/td><td>76<\/td><\/tr><\/tbody><\/table><\/figure>\n","protected":false},"excerpt":{"rendered":"<p>Nos ambitions ? La 8\u00e8me \u00e9dition d\u2019Archipiades a pris place dans une association qui a su adapter sa structure \u00e0 la nouvelle ampleur de l\u2019\u00e9v\u00e9nement. Pour 2023, l\u2019\u00e9v\u00e9nement s\u2019est d\u00e9roul\u00e9 du 27 au 30 avril. Accueilli par la ville de Blois, c\u2019est dans deux de leurs structures que se sont d\u00e9roul\u00e9es les comp\u00e9titions. C\u2019est autour [&hellip;]<\/p>\n","protected":false},"author":1,"featured_media":0,"parent":0,"menu_order":0,"comment_status":"closed","ping_status":"closed","template":"","meta":{"saved_in_kubio":false,"footnotes":""},"class_list":["post-684","page","type-page","status-publish","hentry"],"kubio_ai_page_context":{"short_desc":"","purpose":"general"},"_links":{"self":[{"href":"https:\/\/fsea.fr\/index.php\/wp-json\/wp\/v2\/pages\/684","targetHints":{"allow":["GET"]}}],"collection":[{"href":"https:\/\/fsea.fr\/index.php\/wp-json\/wp\/v2\/pages"}],"about":[{"href":"https:\/\/fsea.fr\/index.php\/wp-json\/wp\/v2\/types\/page"}],"author":[{"embeddable":true,"href":"https:\/\/fsea.fr\/index.php\/wp-json\/wp\/v2\/users\/1"}],"replies":[{"embeddable":true,"href":"https:\/\/fsea.fr\/index.php\/wp-json\/wp\/v2\/comments?post=684"}],"version-history":[{"count":1,"href":"https:\/\/fsea.fr\/index.php\/wp-json\/wp\/v2\/pages\/684\/revisions"}],"predecessor-version":[{"id":685,"href":"https:\/\/fsea.fr\/index.php\/wp-json\/wp\/v2\/pages\/684\/revisions\/685"}],"wp:attachment":[{"href":"https:\/\/fsea.fr\/index.php\/wp-json\/wp\/v2\/media?parent=684"}],"curies":[{"name":"wp","href":"https:\/\/api.w.org\/{rel}","templated":true}]}}