{"id":693,"date":"2025-09-30T14:05:52","date_gmt":"2025-09-30T14:05:52","guid":{"rendered":"https:\/\/fsea.fr\/?page_id=693"},"modified":"2025-11-15T18:55:32","modified_gmt":"2025-11-15T18:55:32","slug":"archipiades-9","status":"publish","type":"page","link":"https:\/\/fsea.fr\/index.php\/archipiades-9\/","title":{"rendered":"Archipiades 9"},"content":{"rendered":"<style>.kadence-column693_f7b16e-32 > .kt-inside-inner-col{padding-top:var(--global-kb-spacing-3xl, 6.5rem);}.kadence-column693_f7b16e-32 > .kt-inside-inner-col,.kadence-column693_f7b16e-32 > .kt-inside-inner-col:before{border-top-left-radius:0px;border-top-right-radius:0px;border-bottom-right-radius:0px;border-bottom-left-radius:0px;}.kadence-column693_f7b16e-32 > .kt-inside-inner-col{column-gap:var(--global-kb-gap-sm, 1rem);}.kadence-column693_f7b16e-32 > .kt-inside-inner-col{flex-direction:column;}.kadence-column693_f7b16e-32 > .kt-inside-inner-col > .aligncenter{width:100%;}.kadence-column693_f7b16e-32 > .kt-inside-inner-col{background-image:url('http:\/\/fsea.fr\/wp-content\/uploads\/2025\/11\/IMG_5524-scaled.jpg');background-size:cover;background-position:47% 45%;background-attachment:scroll;background-repeat:no-repeat;}.kadence-column693_f7b16e-32 > .kt-inside-inner-col:before{opacity:0.83;mix-blend-mode:color-dodge;background-color:rgba(var(--kubio-color-5), 1);}.kadence-column693_f7b16e-32{position:relative;}.kadence-column693_f7b16e-32, .kt-inside-inner-col > .kadence-column693_f7b16e-32:not(.specificity){margin-bottom:var(--global-kb-spacing-xl, 4rem);}@media all and (max-width: 1024px){.kadence-column693_f7b16e-32 > .kt-inside-inner-col{flex-direction:column;justify-content:center;}}@media all and (max-width: 767px){.kadence-column693_f7b16e-32 > .kt-inside-inner-col{flex-direction:column;justify-content:center;}}<\/style>\n<div class=\"wp-block-kadence-column kadence-column693_f7b16e-32 kb-section-has-overlay\"><div class=\"kt-inside-inner-col\"><div class=\"wp-block-image\">\n<figure class=\"aligncenter size-medium\"><img loading=\"lazy\" decoding=\"async\" width=\"300\" height=\"177\" src=\"https:\/\/fsea.fr\/wp-content\/uploads\/2025\/11\/Logo_Archipiades_AP9_Gnum-1-300x177.png\" alt=\"\" class=\"wp-image-1323\" style=\"object-fit:cover\" srcset=\"https:\/\/fsea.fr\/wp-content\/uploads\/2025\/11\/Logo_Archipiades_AP9_Gnum-1-300x177.png 300w, https:\/\/fsea.fr\/wp-content\/uploads\/2025\/11\/Logo_Archipiades_AP9_Gnum-1-1024x604.png 1024w, https:\/\/fsea.fr\/wp-content\/uploads\/2025\/11\/Logo_Archipiades_AP9_Gnum-1-768x453.png 768w, https:\/\/fsea.fr\/wp-content\/uploads\/2025\/11\/Logo_Archipiades_AP9_Gnum-1.png 1418w\" sizes=\"(max-width: 300px) 100vw, 300px\" \/><\/figure>\n<\/div><\/div><\/div>\n\n\n\n\n\n\n<style>.kb-table-container693_b5f03d-98{margin-right:var(--global-kb-spacing-3xl, 6.5rem);margin-left:var(--global-kb-spacing-3xl, 6.5rem);overflow-x:auto;}.kb-table693_b5f03d-98 td:nth-of-type(1), .kb-table693_b5f03d-98 th:nth-of-type(1){width:20%;}.kb-table693_b5f03d-98 td:nth-of-type(3), .kb-table693_b5f03d-98 th:nth-of-type(3){width:30%;}.kb-table693_b5f03d-98{table-layout:fixed;width:100%;}.kb-table693_b5f03d-98 tr{height:9px;}.kb-table-container .kb-table693_b5f03d-98 th{font-size:var(--global-kb-font-size-xl, 3rem);padding-top:var(--global-kb-spacing-xxs, 0.5rem);padding-right:var(--global-kb-spacing-xxs, 0.5rem);padding-bottom:var(--global-kb-spacing-xxs, 0.5rem);padding-left:var(--global-kb-spacing-xxs, 0.5rem);text-align:center;}.kb-table-container .kb-table693_b5f03d-98 caption{text-align:center;}.kb-table-container .kb-table693_b5f03d-98 td{padding-top:var(--global-kb-spacing-xxs, 0.5rem);padding-right:var(--global-kb-spacing-xxs, 0.5rem);padding-bottom:var(--global-kb-spacing-xxs, 0.5rem);padding-left:var(--global-kb-spacing-xxs, 0.5rem);text-align:left;}<\/style><div class=\"kb-table-container kb-table-container693_b5f03d-98 wp-block-kadence-table\"><table class=\"kb-table kb-table693_b5f03d-98\">\n<style>.kb-table-container .kb-table tr.kb-table-row693_20fc4c-74{background-color:#702082;height:42px;}<\/style><tr class=\"kb-table-row kb-table-row693_20fc4c-74\">\n<td class=\"kb-table-data kb-table-data693_ca764f-55\">\n\n<p class=\"has-colibri-color-5-color has-text-color has-link-color wp-elements-a7432e0252f64cb61b77c0bb68c99a8f\">Classement<\/p>\n\n<\/693_ca764f-55>\n\n<td class=\"kb-table-data kb-table-data693_7a47a9-e7\">\n\n<p class=\"has-colibri-color-5-color has-text-color has-link-color wp-elements-ae50609c4890f1bbc883459a8370a06e\">Ecole<\/p>\n\n<\/693_7a47a9-e7>\n\n<td class=\"kb-table-data kb-table-data693_682f49-ed\">\n\n<p class=\"has-colibri-color-5-color has-text-color has-link-color wp-elements-6997f5a3382c8a0a776f45649a32b233\">Points<\/p>\n\n<\/693_682f49-ed>\n<\/tr>\n\n<tr class=\"kb-table-row kb-table-row693_3ff6c6-1f\">\n<td class=\"kb-table-data kb-table-data693_e17296-de\">\n\n<p>1<\/p>\n\n<\/693_e17296-de>\n\n<td class=\"kb-table-data kb-table-data693_9555e4-d4\">\n\n<p>Bordeaux<\/p>\n\n<\/693_9555e4-d4>\n\n<td class=\"kb-table-data kb-table-data693_ed68ff-40\">\n\n<p>330<\/p>\n\n<\/693_ed68ff-40>\n<\/tr>\n\n<tr class=\"kb-table-row kb-table-row693_8b577a-80\">\n<td class=\"kb-table-data kb-table-data693_a1cdbb-cc\">\n\n<p>2<\/p>\n\n<\/693_a1cdbb-cc>\n\n<td class=\"kb-table-data kb-table-data693_e7cd67-56\">\n\n<p>Paris-Est<\/p>\n\n<\/693_e7cd67-56>\n\n<td class=\"kb-table-data kb-table-data693_6983a7-39\">\n\n<p>314<\/p>\n\n<\/693_6983a7-39>\n<\/tr>\n\n<tr class=\"kb-table-row kb-table-row693_3b0137-c4\">\n<td class=\"kb-table-data kb-table-data693_3a543d-a6\">\n\n<p>3<\/p>\n\n<\/693_3a543d-a6>\n\n<td class=\"kb-table-data kb-table-data693_54da84-82\">\n\n<p>Grenoble<\/p>\n\n<\/693_54da84-82>\n\n<td class=\"kb-table-data kb-table-data693_7ac297-94\">\n\n<p>276<\/p>\n\n<\/693_7ac297-94>\n<\/tr>\n\n<tr class=\"kb-table-row kb-table-row693_373bd4-7a\">\n<td class=\"kb-table-data kb-table-data693_f29670-14\">\n\n<p>4<\/p>\n\n<\/693_f29670-14>\n\n<td class=\"kb-table-data kb-table-data693_7a86ad-2a\">\n\n<p>Paris La Villette<\/p>\n\n<\/693_7a86ad-2a>\n\n<td class=\"kb-table-data kb-table-data693_e7a9d8-5a\">\n\n<p>251<\/p>\n\n<\/693_e7a9d8-5a>\n<\/tr>\n\n<tr class=\"kb-table-row kb-table-row693_ea159c-27\">\n<td class=\"kb-table-data kb-table-data693_b95f86-98\">\n\n<p>5<\/p>\n\n<\/693_b95f86-98>\n\n<td class=\"kb-table-data kb-table-data693_a1aea5-56\">\n\n<p>Strasbourg<\/p>\n\n<\/693_a1aea5-56>\n\n<td class=\"kb-table-data kb-table-data693_ffe772-a8\">\n\n<p>244.1<\/p>\n\n<\/693_ffe772-a8>\n<\/tr>\n\n<tr class=\"kb-table-row kb-table-row693_544c41-dc\">\n<td class=\"kb-table-data kb-table-data693_99b653-5e\">\n\n<p>6<\/p>\n\n<\/693_99b653-5e>\n\n<td class=\"kb-table-data kb-table-data693_b16851-d7\">\n\n<p>Montpellier<\/p>\n\n<\/693_b16851-d7>\n\n<td class=\"kb-table-data kb-table-data693_625aa3-19\">\n\n<p>230.44<\/p>\n\n<\/693_625aa3-19>\n<\/tr>\n\n<tr class=\"kb-table-row kb-table-row693_d9db18-e0\">\n<td class=\"kb-table-data kb-table-data693_536a04-1a\">\n\n<p>7<\/p>\n\n<\/693_536a04-1a>\n\n<td class=\"kb-table-data kb-table-data693_10c6bd-57\">\n\n<p>Paris Val de Seine<\/p>\n\n<\/693_10c6bd-57>\n\n<td class=\"kb-table-data kb-table-data693_661b5f-e3\">\n\n<p>205.36<\/p>\n\n<\/693_661b5f-e3>\n<\/tr>\n\n<tr class=\"kb-table-row kb-table-row693_2ef228-e2\">\n<td class=\"kb-table-data kb-table-data693_e321dc-2d\">\n\n<p>8<\/p>\n\n<\/693_e321dc-2d>\n\n<td class=\"kb-table-data kb-table-data693_308e4e-ed\">\n\n<p>Nancy<\/p>\n\n<\/693_308e4e-ed>\n\n<td class=\"kb-table-data kb-table-data693_b10e90-ba\">\n\n<p>183.5<\/p>\n\n<\/693_b10e90-ba>\n<\/tr>\n\n<tr class=\"kb-table-row kb-table-row693_132754-d6\">\n<td class=\"kb-table-data kb-table-data693_4c58e0-e5\">\n\n<p>9<\/p>\n\n<\/693_4c58e0-e5>\n\n<td class=\"kb-table-data kb-table-data693_3b9eaa-2b\">\n\n<p>Lyon<\/p>\n\n<\/693_3b9eaa-2b>\n\n<td class=\"kb-table-data kb-table-data693_c0ba31-63\">\n\n<p>182<\/p>\n\n<\/693_c0ba31-63>\n<\/tr>\n\n<tr class=\"kb-table-row kb-table-row693_3c0fae-fb\">\n<td class=\"kb-table-data kb-table-data693_dc2a88-51\">\n\n<p>10<\/p>\n\n<\/693_dc2a88-51>\n\n<td class=\"kb-table-data kb-table-data693_580643-87\">\n\n<p>Toulouse<\/p>\n\n<\/693_580643-87>\n\n<td class=\"kb-table-data kb-table-data693_d21619-6b\">\n\n<p>180.7<\/p>\n\n<\/693_d21619-6b>\n<\/tr>\n\n<tr class=\"kb-table-row kb-table-row693_add8ef-4f\">\n<td class=\"kb-table-data kb-table-data693_e59e05-7d\">\n\n<p>11<\/p>\n\n<\/693_e59e05-7d>\n\n<td class=\"kb-table-data kb-table-data693_24023f-0a\">\n\n<p>Nantes<\/p>\n\n<\/693_24023f-0a>\n\n<td class=\"kb-table-data kb-table-data693_2fce61-f5\">\n\n<p>174.3<\/p>\n\n<\/693_2fce61-f5>\n<\/tr>\n\n<tr class=\"kb-table-row kb-table-row693_740081-88\">\n<td class=\"kb-table-data kb-table-data693_497e3b-2e\">\n\n<p>12<\/p>\n\n<\/693_497e3b-2e>\n\n<td class=\"kb-table-data kb-table-data693_6184f5-4a\">\n\n<p>Lille<\/p>\n\n<\/693_6184f5-4a>\n\n<td class=\"kb-table-data kb-table-data693_b9efb9-c4\">\n\n<p>173.59<\/p>\n\n<\/693_b9efb9-c4>\n<\/tr>\n\n<tr class=\"kb-table-row kb-table-row693_e00363-ac\">\n<td class=\"kb-table-data kb-table-data693_62be55-1a\">\n\n<p>13<\/p>\n\n<\/693_62be55-1a>\n\n<td class=\"kb-table-data kb-table-data693_b7d956-33\">\n\n<p>Versailles<\/p>\n\n<\/693_b7d956-33>\n\n<td class=\"kb-table-data kb-table-data693_5fefd0-fb\">\n\n<p>164<\/p>\n\n<\/693_5fefd0-fb>\n<\/tr>\n\n<tr class=\"kb-table-row kb-table-row693_cc325f-e5\">\n<td class=\"kb-table-data kb-table-data693_d68894-20\">\n\n<p>14<\/p>\n\n<\/693_d68894-20>\n\n<td class=\"kb-table-data kb-table-data693_e76faa-92\">\n\n<p>Bretagne<\/p>\n\n<\/693_e76faa-92>\n\n<td class=\"kb-table-data kb-table-data693_d7020e-d0\">\n\n<p>145.2<\/p>\n\n<\/693_d7020e-d0>\n<\/tr>\n\n<tr class=\"kb-table-row kb-table-row693_5dc439-aa\">\n<td class=\"kb-table-data kb-table-data693_b8ceff-74\">\n\n<p>15<\/p>\n\n<\/693_b8ceff-74>\n\n<td class=\"kb-table-data kb-table-data693_a3598f-f7\">\n\n<p>Normandie<\/p>\n\n<\/693_a3598f-f7>\n\n<td class=\"kb-table-data kb-table-data693_f36ee1-c6\">\n\n<p>137.5<\/p>\n\n<\/693_f36ee1-c6>\n<\/tr>\n\n<tr class=\"kb-table-row kb-table-row693_add0a8-46\">\n<td class=\"kb-table-data kb-table-data693_e86c74-af\">\n\n<p>16<\/p>\n\n<\/693_e86c74-af>\n\n<td class=\"kb-table-data kb-table-data693_30d17f-be\">\n\n<p>Saint Etienne<\/p>\n\n<\/693_30d17f-be>\n\n<td class=\"kb-table-data kb-table-data693_d0a105-13\">\n\n<p>136<\/p>\n\n<\/693_d0a105-13>\n<\/tr>\n\n<tr class=\"kb-table-row kb-table-row693_ae9f32-40\">\n<td class=\"kb-table-data kb-table-data693_e1da3b-b4\">\n\n<p>17<\/p>\n\n<\/693_e1da3b-b4>\n\n<td class=\"kb-table-data kb-table-data693_b230e5-c0\">\n\n<p>Marseille<\/p>\n\n<\/693_b230e5-c0>\n\n<td class=\"kb-table-data kb-table-data693_8bebcb-35\">\n\n<p>133.24<\/p>\n\n<\/693_8bebcb-35>\n<\/tr>\n\n<tr class=\"kb-table-row kb-table-row693_4f6c45-43\">\n<td class=\"kb-table-data kb-table-data693_83d733-40\">\n\n<p>18<\/p>\n\n<\/693_83d733-40>\n\n<td class=\"kb-table-data kb-table-data693_4da554-fd\">\n\n<p>Paris Belleville<\/p>\n\n<\/693_4da554-fd>\n\n<td class=\"kb-table-data kb-table-data693_13dde7-a5\">\n\n<p>122.5<\/p>\n\n<\/693_13dde7-a5>\n<\/tr>\n\n<tr class=\"kb-table-row kb-table-row693_930a6b-3c\">\n<td class=\"kb-table-data kb-table-data693_29d02f-eb\">\n\n<p>19<\/p>\n\n<\/693_29d02f-eb>\n\n<td class=\"kb-table-data kb-table-data693_00f7c9-d6\">\n\n<p>Clermont-Ferrand<\/p>\n\n<\/693_00f7c9-d6>\n\n<td class=\"kb-table-data kb-table-data693_ee5842-86\">\n\n<p>121.5<\/p>\n\n<\/693_ee5842-86>\n<\/tr>\n\n<tr class=\"kb-table-row kb-table-row693_6cef12-d2\">\n<td class=\"kb-table-data kb-table-data693_032f04-72\">\n\n<p>20<\/p>\n\n<\/693_032f04-72>\n\n<td class=\"kb-table-data kb-table-data693_eb12ab-df\">\n\n<p>Paris Malaquais<\/p>\n\n<\/693_eb12ab-df>\n\n<td class=\"kb-table-data kb-table-data693_d6577e-58\">\n\n<p>115.26<\/p>\n\n<\/693_d6577e-58>\n<\/tr>\n\n<tr class=\"kb-table-row kb-table-row693_203b4c-ca\">\n<td class=\"kb-table-data kb-table-data693_708fd4-ab\">\n\n<p>21<\/p>\n\n<\/693_708fd4-ab>\n\n<td class=\"kb-table-data kb-table-data693_037743-eb\">\n\n<p>ESA<\/p>\n\n<\/693_037743-eb>\n\n<td class=\"kb-table-data kb-table-data693_dc2a44-a0\">\n\n<p>104.81<\/p>\n\n<\/693_dc2a44-a0>\n<\/tr>\n\n<tr class=\"kb-table-row kb-table-row693_0e6972-c3\">\n<td class=\"kb-table-data kb-table-data693_540fe1-80\">\n\n<p>22<\/p>\n\n<\/693_540fe1-80>\n\n<td class=\"kb-table-data kb-table-data693_2ddc0c-83\">\n\n<p>INSA<\/p>\n\n<\/693_2ddc0c-83>\n\n<td class=\"kb-table-data kb-table-data693_8e6315-bc\">\n\n<p>28.59<\/p>\n\n<\/693_8e6315-bc>\n<\/tr>\n<\/table><\/div>\n\n<div class=\"wp-block-image\">\n<figure class=\"aligncenter size-full is-resized\"><img loading=\"lazy\" decoding=\"async\" width=\"1810\" height=\"2560\" src=\"http:\/\/fsea.fr\/wp-content\/uploads\/2025\/09\/231121_Affiche-AP9_A2_FINALE-scaled.jpg\" alt=\"\" class=\"wp-image-694\" style=\"width:414px;height:auto\" srcset=\"https:\/\/fsea.fr\/wp-content\/uploads\/2025\/09\/231121_Affiche-AP9_A2_FINALE-scaled.jpg 1810w, https:\/\/fsea.fr\/wp-content\/uploads\/2025\/09\/231121_Affiche-AP9_A2_FINALE-212x300.jpg 212w\" sizes=\"(max-width: 1810px) 100vw, 1810px\" \/><\/figure>\n<\/div>\n\n\n<p><em>Affiche r\u00e9alis\u00e9e par Zo\u00e9 Dup\u00e9.<\/em><\/p>\n","protected":false},"excerpt":{"rendered":"<p>Affiche r\u00e9alis\u00e9e par Zo\u00e9 Dup\u00e9.<\/p>\n","protected":false},"author":1,"featured_media":0,"parent":0,"menu_order":0,"comment_status":"closed","ping_status":"closed","template":"","meta":{"saved_in_kubio":false,"footnotes":""},"class_list":["post-693","page","type-page","status-publish","hentry"],"kubio_ai_page_context":{"short_desc":"","purpose":"general"},"_links":{"self":[{"href":"https:\/\/fsea.fr\/index.php\/wp-json\/wp\/v2\/pages\/693","targetHints":{"allow":["GET"]}}],"collection":[{"href":"https:\/\/fsea.fr\/index.php\/wp-json\/wp\/v2\/pages"}],"about":[{"href":"https:\/\/fsea.fr\/index.php\/wp-json\/wp\/v2\/types\/page"}],"author":[{"embeddable":true,"href":"https:\/\/fsea.fr\/index.php\/wp-json\/wp\/v2\/users\/1"}],"replies":[{"embeddable":true,"href":"https:\/\/fsea.fr\/index.php\/wp-json\/wp\/v2\/comments?post=693"}],"version-history":[{"count":12,"href":"https:\/\/fsea.fr\/index.php\/wp-json\/wp\/v2\/pages\/693\/revisions"}],"predecessor-version":[{"id":1345,"href":"https:\/\/fsea.fr\/index.php\/wp-json\/wp\/v2\/pages\/693\/revisions\/1345"}],"wp:attachment":[{"href":"https:\/\/fsea.fr\/index.php\/wp-json\/wp\/v2\/media?parent=693"}],"curies":[{"name":"wp","href":"https:\/\/api.w.org\/{rel}","templated":true}]}}