{"id":711,"date":"2025-09-30T14:10:59","date_gmt":"2025-09-30T14:10:59","guid":{"rendered":"https:\/\/fsea.fr\/?page_id=711"},"modified":"2025-09-30T14:10:59","modified_gmt":"2025-09-30T14:10:59","slug":"archiglisse-5","status":"publish","type":"page","link":"https:\/\/fsea.fr\/index.php\/archiglisse-5\/","title":{"rendered":"Archiglisse 5"},"content":{"rendered":"\n<p>L\u2019Archiglisse 5 s\u2019est d\u00e9roul\u00e9 la semaine du 1 au 8 f\u00e9vrier 2020 dans la station Les Orres 1800. Elle a rassembl\u00e9e pr\u00e8s de 300 \u00e9tudiant.e.s autour d\u2019\u00e9preuves sportives, cours de ski, soir\u00e9es et autres activit\u00e9s originales. L\u2019\u00e9cole de Lille remporte le troph\u00e9e de cette premi\u00e8re \u00e9dition gr\u00e2ce \u00e0 leurs performances lors des \u00e9preuves de slalom, course d\u2019orientation et tout schuss.<\/p>\n\n\n\n<figure class=\"wp-block-image\"><img decoding=\"async\" src=\"https:\/\/fsea.fr\/wp-content\/uploads\/2020\/03\/Pictos_Ag5_1-150x150.png\" alt=\"\" class=\"wp-image-550\"\/><\/figure>\n\n\n\n<figure class=\"wp-block-image\"><img decoding=\"async\" src=\"https:\/\/fsea.fr\/wp-content\/uploads\/2020\/03\/Pictos_Ag5_2-150x150.png\" alt=\"\" class=\"wp-image-551\"\/><\/figure>\n\n\n\n<figure class=\"wp-block-image\"><img decoding=\"async\" src=\"https:\/\/fsea.fr\/wp-content\/uploads\/2020\/03\/Pictos_Ag5_3-150x150.png\" alt=\"\" class=\"wp-image-552\"\/><\/figure>\n\n\n\n<figure class=\"wp-block-image\"><img decoding=\"async\" src=\"https:\/\/fsea.fr\/wp-content\/uploads\/2022\/12\/Pictos_Ag5_4-150x150-9.png\" alt=\"\" class=\"wp-image-1055\"\/><\/figure>\n\n\n\n<figure class=\"wp-block-image\"><img decoding=\"async\" src=\"https:\/\/fsea.fr\/wp-content\/uploads\/2020\/03\/AG5_Affiche_A2-724x1024.png\" alt=\"\" class=\"wp-image-554\"\/><\/figure>\n\n\n\n<figure class=\"wp-block-embed is-type-video is-provider-youtube wp-block-embed-youtube wp-embed-aspect-16-9 wp-has-aspect-ratio\"><div class=\"wp-block-embed__wrapper\">\n<iframe loading=\"lazy\" title=\"TEASER - Archiglisse 5 (2020)\" width=\"500\" height=\"281\" src=\"https:\/\/www.youtube.com\/embed\/boekZfeMo1M?feature=oembed\" frameborder=\"0\" allow=\"accelerometer; autoplay; clipboard-write; encrypted-media; gyroscope; picture-in-picture; web-share\" referrerpolicy=\"strict-origin-when-cross-origin\" allowfullscreen><\/iframe>\n<\/div><\/figure>\n\n\n\n<h2 class=\"wp-block-heading\">R\u00e9sultats<\/h2>\n\n\n\n<figure class=\"wp-block-table\"><table class=\"has-fixed-layout\"><tbody><tr><td><strong>Classement<\/strong><\/td><td><strong>Ecole<\/strong><\/td><td><strong>Points<\/strong><\/td><\/tr><tr><td>1<\/td><td>Lille<\/td><td>474<\/td><\/tr><tr><td>2<\/td><td>Paris La Villette<\/td><td>420<\/td><\/tr><tr><td>3<\/td><td>Normandie<\/td><td>311<\/td><\/tr><tr><td>4<\/td><td>Strasbourg<\/td><td>183<\/td><\/tr><tr><td>5<\/td><td>Paris Malaquais<\/td><td>160<\/td><\/tr><tr><td>6<\/td><td>Bretagne<\/td><td>137<\/td><\/tr><tr><td>7<\/td><td>Paris Belleville<\/td><td>79<\/td><\/tr><tr><td>8<\/td><td>Paris Val-de-Seine<\/td><td>5<\/td><\/tr><tr><td>9<\/td><td>Paris ESA<\/td><td>0<\/td><\/tr><\/tbody><\/table><\/figure>\n","protected":false},"excerpt":{"rendered":"<p>L\u2019Archiglisse 5 s\u2019est d\u00e9roul\u00e9 la semaine du 1 au 8 f\u00e9vrier 2020 dans la station Les Orres 1800. Elle a rassembl\u00e9e pr\u00e8s de 300 \u00e9tudiant.e.s autour d\u2019\u00e9preuves sportives, cours de ski, soir\u00e9es et autres activit\u00e9s originales. L\u2019\u00e9cole de Lille remporte le troph\u00e9e de cette premi\u00e8re \u00e9dition gr\u00e2ce \u00e0 leurs performances lors des \u00e9preuves de slalom, [&hellip;]<\/p>\n","protected":false},"author":1,"featured_media":0,"parent":0,"menu_order":0,"comment_status":"closed","ping_status":"closed","template":"","meta":{"saved_in_kubio":false,"footnotes":""},"class_list":["post-711","page","type-page","status-publish","hentry"],"kubio_ai_page_context":{"short_desc":"","purpose":"general"},"_links":{"self":[{"href":"https:\/\/fsea.fr\/index.php\/wp-json\/wp\/v2\/pages\/711","targetHints":{"allow":["GET"]}}],"collection":[{"href":"https:\/\/fsea.fr\/index.php\/wp-json\/wp\/v2\/pages"}],"about":[{"href":"https:\/\/fsea.fr\/index.php\/wp-json\/wp\/v2\/types\/page"}],"author":[{"embeddable":true,"href":"https:\/\/fsea.fr\/index.php\/wp-json\/wp\/v2\/users\/1"}],"replies":[{"embeddable":true,"href":"https:\/\/fsea.fr\/index.php\/wp-json\/wp\/v2\/comments?post=711"}],"version-history":[{"count":1,"href":"https:\/\/fsea.fr\/index.php\/wp-json\/wp\/v2\/pages\/711\/revisions"}],"predecessor-version":[{"id":714,"href":"https:\/\/fsea.fr\/index.php\/wp-json\/wp\/v2\/pages\/711\/revisions\/714"}],"wp:attachment":[{"href":"https:\/\/fsea.fr\/index.php\/wp-json\/wp\/v2\/media?parent=711"}],"curies":[{"name":"wp","href":"https:\/\/api.w.org\/{rel}","templated":true}]}}