{"id":715,"date":"2025-09-30T14:11:29","date_gmt":"2025-09-30T14:11:29","guid":{"rendered":"https:\/\/fsea.fr\/?page_id=715"},"modified":"2025-09-30T14:11:29","modified_gmt":"2025-09-30T14:11:29","slug":"archiglisse-6","status":"publish","type":"page","link":"https:\/\/fsea.fr\/index.php\/archiglisse-6\/","title":{"rendered":"Archiglisse 6"},"content":{"rendered":"\n<p>C\u2019est avec tristesse que nous nous avouons vaincu une seconde fois face \u00e0 la Covid 19\u2026 La sixi\u00e8me \u00e9dition de l\u2019Archiglisse qui devait se d\u00e9rouler \u00e0 Superd\u00e9voluy du 30 janvier au 8 f\u00e9vrier 2021, n\u2019a pas eu lieu. Elle a malheureusement d\u00fb \u00eatre annul\u00e9e pour respecter les r\u00e8gles de confinement suite \u00e0 l\u2019arriv\u00e9e de la pand\u00e9mie du coronavirus Covid-19.<\/p>\n\n\n\n<figure class=\"wp-block-image\"><img decoding=\"async\" src=\"https:\/\/fsea.fr\/wp-content\/uploads\/2022\/11\/Information-Covid-19-Archiglisse-1024x1024.png\" alt=\"\" class=\"wp-image-966\"\/><figcaption class=\"wp-element-caption\">ARCHIGLISSE 6 \u2013 ANNUL\u00c9<\/figcaption><\/figure>\n\n\n\n<p><\/p>\n","protected":false},"excerpt":{"rendered":"<p>C\u2019est avec tristesse que nous nous avouons vaincu une seconde fois face \u00e0 la Covid 19\u2026 La sixi\u00e8me \u00e9dition de l\u2019Archiglisse qui devait se d\u00e9rouler \u00e0 Superd\u00e9voluy du 30 janvier au 8 f\u00e9vrier 2021, n\u2019a pas eu lieu. Elle a malheureusement d\u00fb \u00eatre annul\u00e9e pour respecter les r\u00e8gles de confinement suite \u00e0 l\u2019arriv\u00e9e de la [&hellip;]<\/p>\n","protected":false},"author":1,"featured_media":0,"parent":0,"menu_order":0,"comment_status":"closed","ping_status":"closed","template":"","meta":{"saved_in_kubio":false,"footnotes":""},"class_list":["post-715","page","type-page","status-publish","hentry"],"kubio_ai_page_context":{"short_desc":"","purpose":"general"},"_links":{"self":[{"href":"https:\/\/fsea.fr\/index.php\/wp-json\/wp\/v2\/pages\/715","targetHints":{"allow":["GET"]}}],"collection":[{"href":"https:\/\/fsea.fr\/index.php\/wp-json\/wp\/v2\/pages"}],"about":[{"href":"https:\/\/fsea.fr\/index.php\/wp-json\/wp\/v2\/types\/page"}],"author":[{"embeddable":true,"href":"https:\/\/fsea.fr\/index.php\/wp-json\/wp\/v2\/users\/1"}],"replies":[{"embeddable":true,"href":"https:\/\/fsea.fr\/index.php\/wp-json\/wp\/v2\/comments?post=715"}],"version-history":[{"count":1,"href":"https:\/\/fsea.fr\/index.php\/wp-json\/wp\/v2\/pages\/715\/revisions"}],"predecessor-version":[{"id":722,"href":"https:\/\/fsea.fr\/index.php\/wp-json\/wp\/v2\/pages\/715\/revisions\/722"}],"wp:attachment":[{"href":"https:\/\/fsea.fr\/index.php\/wp-json\/wp\/v2\/media?parent=715"}],"curies":[{"name":"wp","href":"https:\/\/api.w.org\/{rel}","templated":true}]}}