{"id":723,"date":"2025-09-30T14:12:06","date_gmt":"2025-09-30T14:12:06","guid":{"rendered":"https:\/\/fsea.fr\/?page_id=723"},"modified":"2025-09-30T14:12:06","modified_gmt":"2025-09-30T14:12:06","slug":"archiglisse-7","status":"publish","type":"page","link":"https:\/\/fsea.fr\/index.php\/archiglisse-7\/","title":{"rendered":"Archiglisse 7"},"content":{"rendered":"\n<p>L\u2019Archiglisse 7 s\u2019est tenu du 29 Janvier au 5 F\u00e9vrier 2022 dans la station SuperD\u00e9voluy. Nous avons log\u00e9 dans la r\u00e9sidence du Hameau du Puy.<\/p>\n\n\n\n<figure class=\"wp-block-image\"><img decoding=\"async\" src=\"https:\/\/fsea.fr\/wp-content\/uploads\/2020\/10\/Picto_AG6_1.png\" alt=\"\" class=\"wp-image-753\"\/><\/figure>\n\n\n\n<figure class=\"wp-block-image\"><img decoding=\"async\" src=\"https:\/\/fsea.fr\/wp-content\/uploads\/2020\/10\/Picto_AG6_2.png\" alt=\"\" class=\"wp-image-754\"\/><\/figure>\n\n\n\n<figure class=\"wp-block-image\"><img decoding=\"async\" src=\"https:\/\/fsea.fr\/wp-content\/uploads\/2020\/10\/Picto_AG6_3.png\" alt=\"\" class=\"wp-image-755\"\/><\/figure>\n\n\n\n<figure class=\"wp-block-image\"><img decoding=\"async\" src=\"https:\/\/fsea.fr\/wp-content\/uploads\/2022\/12\/Picto_AG611_4.png\" alt=\"\" class=\"wp-image-1019\"\/><\/figure>\n\n\n\n<p>Au programme de la semaine c\u2019\u00e9tait : de la glisse, des comp\u00e9titions sportives, des afterskis en ext\u00e9rieur, des cours pour les d\u00e9butant.e.s, des raclettes, des fondues, et d\u2019autres surprises\u2026<\/p>\n\n\n\n<figure class=\"wp-block-image\"><img decoding=\"async\" src=\"https:\/\/fsea.fr\/wp-content\/uploads\/2022\/12\/Affiche_Archiglisse7-724x1024.png\" alt=\"\" class=\"wp-image-993\"\/><\/figure>\n\n\n\n<p>R\u00e9sultats<\/p>\n\n\n\n<figure class=\"wp-block-table\"><table class=\"has-fixed-layout\"><tbody><tr><td><strong>Classement<\/strong><\/td><td><strong>Ecole<\/strong><\/td><td><strong>Points<\/strong><\/td><\/tr><tr><td>1<\/td><td>Paris Belleville<\/td><td>49<\/td><\/tr><tr><td>2<\/td><td>Bretagne<\/td><td>32<\/td><\/tr><tr><td>3<\/td><td>Lille<\/td><td>29<\/td><\/tr><tr><td>4<\/td><td>Versailles<\/td><td>28<\/td><\/tr><tr><td>5<\/td><td>Normandie<\/td><td>20<\/td><\/tr><tr><td>6<\/td><td>Paris La Villette<\/td><td>19<\/td><\/tr><tr><td>7<\/td><td>Paris Malaquais<\/td><td>12<\/td><\/tr><tr><td>8<\/td><td>Marseille<\/td><td>11<\/td><\/tr><tr><td>9<\/td><td>ESA<\/td><td>8<\/td><\/tr><tr><td>10<\/td><td>Srasbourg<\/td><td>4<\/td><\/tr><tr><td>11<\/td><td>Clermont-Ferrand<\/td><td>0<\/td><\/tr><\/tbody><\/table><\/figure>\n","protected":false},"excerpt":{"rendered":"<p>L\u2019Archiglisse 7 s\u2019est tenu du 29 Janvier au 5 F\u00e9vrier 2022 dans la station SuperD\u00e9voluy. Nous avons log\u00e9 dans la r\u00e9sidence du Hameau du Puy. Au programme de la semaine c\u2019\u00e9tait : de la glisse, des comp\u00e9titions sportives, des afterskis en ext\u00e9rieur, des cours pour les d\u00e9butant.e.s, des raclettes, des fondues, et d\u2019autres surprises\u2026 R\u00e9sultats [&hellip;]<\/p>\n","protected":false},"author":1,"featured_media":0,"parent":0,"menu_order":0,"comment_status":"closed","ping_status":"closed","template":"","meta":{"saved_in_kubio":false,"footnotes":""},"class_list":["post-723","page","type-page","status-publish","hentry"],"kubio_ai_page_context":{"short_desc":"","purpose":"general"},"_links":{"self":[{"href":"https:\/\/fsea.fr\/index.php\/wp-json\/wp\/v2\/pages\/723","targetHints":{"allow":["GET"]}}],"collection":[{"href":"https:\/\/fsea.fr\/index.php\/wp-json\/wp\/v2\/pages"}],"about":[{"href":"https:\/\/fsea.fr\/index.php\/wp-json\/wp\/v2\/types\/page"}],"author":[{"embeddable":true,"href":"https:\/\/fsea.fr\/index.php\/wp-json\/wp\/v2\/users\/1"}],"replies":[{"embeddable":true,"href":"https:\/\/fsea.fr\/index.php\/wp-json\/wp\/v2\/comments?post=723"}],"version-history":[{"count":1,"href":"https:\/\/fsea.fr\/index.php\/wp-json\/wp\/v2\/pages\/723\/revisions"}],"predecessor-version":[{"id":724,"href":"https:\/\/fsea.fr\/index.php\/wp-json\/wp\/v2\/pages\/723\/revisions\/724"}],"wp:attachment":[{"href":"https:\/\/fsea.fr\/index.php\/wp-json\/wp\/v2\/media?parent=723"}],"curies":[{"name":"wp","href":"https:\/\/api.w.org\/{rel}","templated":true}]}}