{"id":725,"date":"2025-09-30T14:13:11","date_gmt":"2025-09-30T14:13:11","guid":{"rendered":"https:\/\/fsea.fr\/?page_id=725"},"modified":"2025-09-30T14:13:11","modified_gmt":"2025-09-30T14:13:11","slug":"archiglisse-8","status":"publish","type":"page","link":"https:\/\/fsea.fr\/index.php\/archiglisse-8\/","title":{"rendered":"Archiglisse 8"},"content":{"rendered":"\n<figure class=\"wp-block-image\"><img decoding=\"async\" src=\"https:\/\/fsea.fr\/wp-content\/uploads\/2023\/02\/ambitions-archiglisses-1-1024x210.png\" alt=\"\" class=\"wp-image-1100\"\/><\/figure>\n\n\n\n<p>Du 28 Janvier au 04 F\u00e9vrier 2023, les skieurs des 11 \u00e9coles d\u2019architecture disponibles ont eu la chance de pacourir les pistes de la station Toussuire les Botti\u00e8res. Victime de son succ\u00e8s, la billetterie de deux cent places a \u00e9t\u00e9 finalis\u00e9e en deux heure ! Une seconde billetterie sans logement a \u00e9t\u00e9 mise en place afin de satisfaire le plus grand nombre de personnes possibles.<\/p>\n\n\n\n<figure class=\"wp-block-image\"><img decoding=\"async\" src=\"https:\/\/fsea.fr\/wp-content\/uploads\/2022\/12\/AFFICHE_AG8-724x1024.jpg\" alt=\"\" class=\"wp-image-991\"\/><\/figure>\n\n\n\n<p>Merci \u00e0 tous ceux qui ont particip\u00e9 de pr\u00e8s comme de loin \u00e0 cette 8\u00e8me \u00e9dition Archiglisse, c\u2019est gr\u00e2ce \u00e0 vous que tout cela est possible !<\/p>\n\n\n\n<p>Nous remercions bien \u00e9videmment notre partenaire Funbreak, qui nous a permis d\u2019organiser cet \u00e9v\u00e9nement et de proposer de multiples activit\u00e9s, en journ\u00e9e comme en soir\u00e9e, telles que la fameuse \u00e9preuve du slalom mais aussi la chasse au pingouin. Instaur\u00e9s depuis l\u2019ann\u00e9e derni\u00e8re \u00ab les d\u00e9fis \u00bb lanc\u00e9s par la FSEA ont \u00e9galement fait leur grand retour. Une nouveaut\u00e9 revisit\u00e9e par la FSEA cette ann\u00e9e \u00e9tait le jeu de piste qui a elle aussi eu un grand succ\u00e8s. La moyenne de toutes ces activit\u00e9s nous a men\u00e9 au classement Archiglisse 8 suivant :<\/p>\n\n\n\n<p>R\u00e9sultats<\/p>\n\n\n\n<figure class=\"wp-block-table\"><table class=\"has-fixed-layout\"><tbody><tr><td><strong>Classement<\/strong><\/td><td><strong>\u00c9cole<\/strong><\/td><td><strong>Points<\/strong><\/td><td><strong>Participants<\/strong><\/td><td><\/td><\/tr><tr><td>1<\/td><td>Lille<\/td><td>76<\/td><td>73<\/td><td><\/td><\/tr><tr><td>2<\/td><td>Paris ESA<\/td><td>72<\/td><td>29<\/td><td><\/td><\/tr><tr><td>3<\/td><td>Paris Belleville<\/td><td>56<\/td><td>59<\/td><td><\/td><\/tr><tr><td>4<\/td><td>Strasbourg<\/td><td>34<\/td><td>12<\/td><td><\/td><\/tr><tr><td>5<\/td><td>Normandie<\/td><td>30<\/td><td>18<\/td><td><\/td><\/tr><tr><td>6<\/td><td>Bretagne<\/td><td>24<\/td><td>19<\/td><td><\/td><\/tr><tr><td>7<\/td><td>Nancy<\/td><td>14<\/td><td>3<\/td><td><\/td><\/tr><tr><td>8<\/td><td>Versailles<\/td><td>8<\/td><td>3<\/td><td><\/td><\/tr><tr><td>9<\/td><td>La Villette<\/td><td>5<\/td><td>8<\/td><td><\/td><\/tr><tr><td>10<\/td><td>Marseille<\/td><td>3<\/td><td>3<\/td><td><\/td><\/tr><tr><td>11<\/td><td>Clermont-Ferrand<\/td><td>0<\/td><td>3<\/td><td><\/td><\/tr><\/tbody><\/table><\/figure>\n","protected":false},"excerpt":{"rendered":"<p>Du 28 Janvier au 04 F\u00e9vrier 2023, les skieurs des 11 \u00e9coles d\u2019architecture disponibles ont eu la chance de pacourir les pistes de la station Toussuire les Botti\u00e8res. Victime de son succ\u00e8s, la billetterie de deux cent places a \u00e9t\u00e9 finalis\u00e9e en deux heure ! Une seconde billetterie sans logement a \u00e9t\u00e9 mise en place [&hellip;]<\/p>\n","protected":false},"author":1,"featured_media":0,"parent":0,"menu_order":0,"comment_status":"closed","ping_status":"closed","template":"","meta":{"saved_in_kubio":false,"footnotes":""},"class_list":["post-725","page","type-page","status-publish","hentry"],"kubio_ai_page_context":{"short_desc":"","purpose":"general"},"_links":{"self":[{"href":"https:\/\/fsea.fr\/index.php\/wp-json\/wp\/v2\/pages\/725","targetHints":{"allow":["GET"]}}],"collection":[{"href":"https:\/\/fsea.fr\/index.php\/wp-json\/wp\/v2\/pages"}],"about":[{"href":"https:\/\/fsea.fr\/index.php\/wp-json\/wp\/v2\/types\/page"}],"author":[{"embeddable":true,"href":"https:\/\/fsea.fr\/index.php\/wp-json\/wp\/v2\/users\/1"}],"replies":[{"embeddable":true,"href":"https:\/\/fsea.fr\/index.php\/wp-json\/wp\/v2\/comments?post=725"}],"version-history":[{"count":1,"href":"https:\/\/fsea.fr\/index.php\/wp-json\/wp\/v2\/pages\/725\/revisions"}],"predecessor-version":[{"id":726,"href":"https:\/\/fsea.fr\/index.php\/wp-json\/wp\/v2\/pages\/725\/revisions\/726"}],"wp:attachment":[{"href":"https:\/\/fsea.fr\/index.php\/wp-json\/wp\/v2\/media?parent=725"}],"curies":[{"name":"wp","href":"https:\/\/api.w.org\/{rel}","templated":true}]}}