{"id":744,"date":"2025-09-30T14:17:42","date_gmt":"2025-09-30T14:17:42","guid":{"rendered":"https:\/\/fsea.fr\/?page_id=744"},"modified":"2025-09-30T14:17:42","modified_gmt":"2025-09-30T14:17:42","slug":"archipiades-10","status":"publish","type":"page","link":"https:\/\/fsea.fr\/index.php\/archipiades-10\/","title":{"rendered":"Archipiades 10"},"content":{"rendered":"\n<p>Cette ann\u00e9e, les Archipiades f\u00eatent leurs 10 ans ! Apr\u00e8s une d\u00e9cennie et d\u2019innombrables \u00e9volutions, vient l\u2019\u00e9dition des Archipiades 10, qui accueillera un peu plus de 3000 participants, qui prendront tous part \u00e0 la f\u00eate et \u00e0 la comp\u00e9tition.Qui dit 10 ans, dit \u00e9dition anniversaire et pour se faire nous souhaiterions obtenir le&nbsp;<em>label d\u00e9veloppement durable, le sport s\u2019engage,&nbsp;<\/em>afin de favoriser la mixit\u00e9 et les rencontres entre les \u00e9tudiants via des \u00e9quipes mixtes de b\u00e9n\u00e9voles et une soir\u00e9e d\u00e9couverte des nouvelles disciplines et activit\u00e9s. Nous poursuivrons cette ouverture \u00e0 de nouvelles pratiques avec l\u2019ajout d\u2019un nouveau sport qui permettra de d\u00e9velopper une potentielle nouvelle aire aux Archipiades \u2026<\/p>\n","protected":false},"excerpt":{"rendered":"<p>Cette ann\u00e9e, les Archipiades f\u00eatent leurs 10 ans ! Apr\u00e8s une d\u00e9cennie et d\u2019innombrables \u00e9volutions, vient l\u2019\u00e9dition des Archipiades 10, qui accueillera un peu plus de 3000 participants, qui prendront tous part \u00e0 la f\u00eate et \u00e0 la comp\u00e9tition.Qui dit 10 ans, dit \u00e9dition anniversaire et pour se faire nous souhaiterions obtenir le&nbsp;label d\u00e9veloppement durable, [&hellip;]<\/p>\n","protected":false},"author":1,"featured_media":0,"parent":0,"menu_order":0,"comment_status":"closed","ping_status":"closed","template":"","meta":{"saved_in_kubio":false,"footnotes":""},"class_list":["post-744","page","type-page","status-publish","hentry"],"kubio_ai_page_context":{"short_desc":"","purpose":"general"},"_links":{"self":[{"href":"https:\/\/fsea.fr\/index.php\/wp-json\/wp\/v2\/pages\/744","targetHints":{"allow":["GET"]}}],"collection":[{"href":"https:\/\/fsea.fr\/index.php\/wp-json\/wp\/v2\/pages"}],"about":[{"href":"https:\/\/fsea.fr\/index.php\/wp-json\/wp\/v2\/types\/page"}],"author":[{"embeddable":true,"href":"https:\/\/fsea.fr\/index.php\/wp-json\/wp\/v2\/users\/1"}],"replies":[{"embeddable":true,"href":"https:\/\/fsea.fr\/index.php\/wp-json\/wp\/v2\/comments?post=744"}],"version-history":[{"count":1,"href":"https:\/\/fsea.fr\/index.php\/wp-json\/wp\/v2\/pages\/744\/revisions"}],"predecessor-version":[{"id":745,"href":"https:\/\/fsea.fr\/index.php\/wp-json\/wp\/v2\/pages\/744\/revisions\/745"}],"wp:attachment":[{"href":"https:\/\/fsea.fr\/index.php\/wp-json\/wp\/v2\/media?parent=744"}],"curies":[{"name":"wp","href":"https:\/\/api.w.org\/{rel}","templated":true}]}}